{"id":39183,"date":"2023-07-03T12:26:16","date_gmt":"2023-07-03T10:26:16","guid":{"rendered":"https:\/\/www.digital-insure.fr\/candidatura-espontanea\/"},"modified":"2025-10-31T10:39:24","modified_gmt":"2025-10-31T09:39:24","slug":"candidatura-espontanea","status":"publish","type":"page","link":"https:\/\/www.digital-insure.fr\/es\/candidatura-espontanea\/","title":{"rendered":"Candidatura espont\u00e1nea"},"content":{"rendered":"\t\t<div data-elementor-type=\"wp-page\" data-elementor-id=\"39183\" class=\"elementor elementor-39183 elementor-33721\" data-elementor-post-type=\"page\">\n\t\t\t\t\t\t<section class=\"elementor-section elementor-top-section elementor-element elementor-element-41fde035 elementor-section-boxed elementor-section-height-default elementor-section-height-default\" data-id=\"41fde035\" data-element_type=\"section\" data-e-type=\"section\">\n\t\t\t\t\t\t<div class=\"elementor-container elementor-column-gap-default\">\n\t\t\t\t\t<div class=\"elementor-column elementor-col-100 elementor-top-column elementor-element elementor-element-76a9bbc2\" data-id=\"76a9bbc2\" data-element_type=\"column\" data-e-type=\"column\">\n\t\t\t<div class=\"elementor-widget-wrap elementor-element-populated\">\n\t\t\t\t\t\t<div class=\"elementor-element elementor-element-66a85248 elementor-widget elementor-widget-webify-section-heading-widget\" data-id=\"66a85248\" data-element_type=\"widget\" data-e-type=\"widget\" data-widget_type=\"webify-section-heading-widget.default\">\n\t\t\t\t<div class=\"elementor-widget-container\">\n\t\t\t\t\t        <div class=\"tb-section-heading tb-style2\">\n                      <div none=\"\" class=\"tb-f16-lg tb-small-heading tb-mt-3\" class=\"tb-f16-lg tb-small-heading tb-mt-3\">CANDIDATOS<\/div>\n            <div class=\"empty-space marg-lg-b10\"><\/div>\n                                <h1 class=\"tb-f32-lg tb-f25-sm tb-big-heading tb-font-name tb-mb-6\" class=\"tb-f32-lg tb-f25-sm tb-big-heading tb-font-name tb-mb-6\">\u00danete a la Assurtech que cultiva la ventaja competitiva y transforma el mundo de los seguros.<\/h1>\n                  <\/div>\n        \t\t\t\t<\/div>\n\t\t\t\t<\/div>\n\t\t\t\t<div class=\"elementor-element elementor-element-441445b4 elementor-widget elementor-widget-webify-section-heading-widget\" data-id=\"441445b4\" data-element_type=\"widget\" data-e-type=\"widget\" data-widget_type=\"webify-section-heading-widget.default\">\n\t\t\t\t<div class=\"elementor-widget-container\">\n\t\t\t\t\t        <div class=\"tb-section-heading\">\n          <h2 class=\"tb-f32-lg tb-f28-sm tb-big-heading tb-font-name tb-mt-5 tb-mb-8 tb-mb-6-sm\" class=\"tb-f32-lg tb-f28-sm tb-big-heading tb-font-name tb-mt-5 tb-mb-8 tb-mb-6-sm\">Digital Insure recluta constantemente nuevos talentos en todos sus polos de especializaci\u00f3n: soporte comercial, estudios y soluciones digitales, protecci\u00f3n social, oferta y actuar\u00eda, gesti\u00f3n, servicio al cliente, aceptaci\u00f3n m\u00e9dica e indemnizaciones, comercio de corredores y grandes socios...<\/h2>\n        <\/div>\n      \n      \t\t\t\t<\/div>\n\t\t\t\t<\/div>\n\t\t\t\t<div class=\"elementor-element elementor-element-88d8038 elementor-widget elementor-widget-spacer\" data-id=\"88d8038\" data-element_type=\"widget\" data-e-type=\"widget\" data-widget_type=\"spacer.default\">\n\t\t\t\t<div class=\"elementor-widget-container\">\n\t\t\t\t\t\t\t<div class=\"elementor-spacer\">\n\t\t\t<div class=\"elementor-spacer-inner\"><\/div>\n\t\t<\/div>\n\t\t\t\t\t\t<\/div>\n\t\t\t\t<\/div>\n\t\t\t\t<div class=\"elementor-element elementor-element-4d725f5e elementor-widget elementor-widget-text-editor\" data-id=\"4d725f5e\" data-element_type=\"widget\" data-e-type=\"widget\" data-widget_type=\"text-editor.default\">\n\t\t\t\t<div class=\"elementor-widget-container\">\n\t\t\t\t\t\t\t\t\t<div class=\"wpb_text_column wpb_content_element \">\n<div class=\"wpb_wrapper\">\n<h5>Orientados a la distribuci\u00f3n y los servicios, los equipos de Digital Insure comparten valores de satisfacci\u00f3n, experiencia y compromiso, en un entorno \u00e1gil que fomenta las relaciones de colaboraci\u00f3n. La empresa cuenta actualmente con cerca de 150 empleados, ubicados en Par\u00eds, Ru\u00e1n, Caen y Lyon, y contin\u00faa su desarrollo en Francia y en el extranjero. <\/h5>\n<h5>En unos pocos clics, env\u00ede su candidatura adjuntando su CV (en formato PDF, DOC o DOCX). El equipo de selecci\u00f3n lo estudiar\u00e1 y le dar\u00e1 una respuesta lo antes posible. <\/h5>\n<\/div>\n<\/div>\t\t\t\t\t\t\t\t<\/div>\n\t\t\t\t<\/div>\n\t\t\t\t\t<\/div>\n\t\t<\/div>\n\t\t\t\t\t<\/div>\n\t\t<\/section>\n\t\t\t\t<section class=\"elementor-section elementor-top-section elementor-element elementor-element-3a8416ef elementor-section-boxed elementor-section-height-default elementor-section-height-default\" data-id=\"3a8416ef\" data-element_type=\"section\" data-e-type=\"section\">\n\t\t\t\t\t\t<div class=\"elementor-container elementor-column-gap-default\">\n\t\t\t\t\t<div class=\"elementor-column elementor-col-100 elementor-top-column elementor-element elementor-element-46abf3c0\" data-id=\"46abf3c0\" data-element_type=\"column\" data-e-type=\"column\">\n\t\t\t<div class=\"elementor-widget-wrap elementor-element-populated\">\n\t\t\t\t\t\t<div class=\"elementor-element elementor-element-908f73e elementor-widget elementor-widget-webify-section-heading-widget\" data-id=\"908f73e\" data-element_type=\"widget\" data-e-type=\"widget\" data-widget_type=\"webify-section-heading-widget.default\">\n\t\t\t\t<div class=\"elementor-widget-container\">\n\t\t\t\t\t        <div class=\"tb-section-heading\">\n          <h2 class=\"tb-f32-lg tb-f28-sm tb-big-heading tb-font-name tb-mt-5 tb-mb-8 tb-mb-6-sm\" class=\"tb-f32-lg tb-f28-sm tb-big-heading tb-font-name tb-mt-5 tb-mb-8 tb-mb-6-sm\">Su candidatura<\/h2>\n        <\/div>\n      \n      \t\t\t\t<\/div>\n\t\t\t\t<\/div>\n\t\t\t\t<div class=\"elementor-element elementor-element-2af1c600 elementor-widget-divider--view-line elementor-widget elementor-widget-divider\" data-id=\"2af1c600\" data-element_type=\"widget\" data-e-type=\"widget\" data-widget_type=\"divider.default\">\n\t\t\t\t<div class=\"elementor-widget-container\">\n\t\t\t\t\t\t\t<div class=\"elementor-divider\">\n\t\t\t<span class=\"elementor-divider-separator\">\n\t\t\t\t\t\t<\/span>\n\t\t<\/div>\n\t\t\t\t\t\t<\/div>\n\t\t\t\t<\/div>\n\t\t\t\t<div class=\"elementor-element elementor-element-74448f23 elementor-widget elementor-widget-webify-contact-form-7-widget\" data-id=\"74448f23\" data-element_type=\"widget\" data-e-type=\"widget\" data-widget_type=\"webify-contact-form-7-widget.default\">\n\t\t\t\t<div class=\"elementor-widget-container\">\n\t\t\t\t\t\n    <div class=\"tb-contact-form-wrapper\">\n\n    \n<div class=\"wpcf7 no-js\" id=\"wpcf7-f39272-o1\" lang=\"es-ES\" dir=\"ltr\" data-wpcf7-id=\"39272\">\n<div class=\"screen-reader-response\"><p role=\"status\" aria-live=\"polite\" aria-atomic=\"true\"><\/p> <ul><\/ul><\/div>\n<form action=\"\/es\/wp-json\/wp\/v2\/pages\/39183#wpcf7-f39272-o1\" method=\"post\" class=\"wpcf7-form init\" aria-label=\"Formulario de contacto\" enctype=\"multipart\/form-data\" novalidate=\"novalidate\" data-status=\"init\">\n<fieldset class=\"hidden-fields-container\"><input type=\"hidden\" name=\"_wpcf7\" value=\"39272\" \/><input type=\"hidden\" name=\"_wpcf7_version\" value=\"6.1.5\" \/><input type=\"hidden\" name=\"_wpcf7_locale\" value=\"es_ES\" \/><input type=\"hidden\" name=\"_wpcf7_unit_tag\" value=\"wpcf7-f39272-o1\" \/><input type=\"hidden\" name=\"_wpcf7_container_post\" value=\"0\" \/><input type=\"hidden\" name=\"_wpcf7_posted_data_hash\" value=\"\" \/><input type=\"hidden\" name=\"_wpcf7cf_hidden_group_fields\" value=\"[]\" \/><input type=\"hidden\" name=\"_wpcf7cf_hidden_groups\" value=\"[]\" \/><input type=\"hidden\" name=\"_wpcf7cf_visible_groups\" value=\"[]\" \/><input type=\"hidden\" name=\"_wpcf7cf_repeaters\" value=\"[]\" \/><input type=\"hidden\" name=\"_wpcf7cf_steps\" value=\"{}\" \/><input type=\"hidden\" name=\"_wpcf7cf_options\" value=\"{&quot;form_id&quot;:39272,&quot;conditions&quot;:[],&quot;settings&quot;:{&quot;animation&quot;:&quot;yes&quot;,&quot;animation_intime&quot;:200,&quot;animation_outtime&quot;:200,&quot;conditions_ui&quot;:&quot;normal&quot;,&quot;notice_dismissed&quot;:false,&quot;regex_numeric&quot;:&quot;^[0-9]+$&quot;,&quot;regex_alphabetic&quot;:&quot;^[a-zA-Z]+$&quot;,&quot;regex_alphanumeric&quot;:&quot;^[a-zA-Z0-9]+$&quot;,&quot;regex_date&quot;:&quot;^(0?[1-9]|1[012])[- .](0?[1-9]|[12][0-9]|3[01])[- \\\/.](19|20)?[0-9]{2}$&quot;,&quot;regex_email&quot;:&quot;^[a-zA-Z0-9._%-]+@[a-zA-Z0-9.-]+.[a-zA-Z]{2,4}$&quot;,&quot;regex_numeric_label&quot;:&quot;numeric&quot;,&quot;regex_alphabetic_label&quot;:&quot;alphabetic&quot;,&quot;regex_alphanumeric_label&quot;:&quot;alphanumeric&quot;,&quot;regex_date_label&quot;:&quot;date&quot;,&quot;regex_email_label&quot;:&quot;email&quot;,&quot;regex_custom_1&quot;:&quot;&quot;,&quot;regex_custom_2&quot;:&quot;&quot;,&quot;regex_custom_3&quot;:&quot;&quot;,&quot;regex_custom_4&quot;:&quot;&quot;,&quot;regex_custom_5&quot;:&quot;&quot;,&quot;regex_custom_1_label&quot;:&quot;custom 1&quot;,&quot;regex_custom_2_label&quot;:&quot;custom 2&quot;,&quot;regex_custom_3_label&quot;:&quot;custom 3&quot;,&quot;regex_custom_4_label&quot;:&quot;custom 4&quot;,&quot;regex_custom_5_label&quot;:&quot;custom 5&quot;,&quot;notice_dismissed_rollback-cf7-5.7.6&quot;:true}}\" \/>\n<\/fieldset>\n<p><label> Su nombre*<br \/>\n<span class=\"wpcf7-form-control-wrap\" data-name=\"prenom\"><input size=\"40\" maxlength=\"400\" class=\"wpcf7-form-control wpcf7-text wpcf7-validates-as-required\" id=\"3718\" aria-required=\"true\" aria-invalid=\"false\" placeholder=\"Nombre*\" value=\"\" type=\"text\" name=\"prenom\" \/><\/span><\/label>\n<\/p>\n<p><label> Su apellido*<br \/>\n<span class=\"wpcf7-form-control-wrap\" data-name=\"nom\"><input size=\"40\" maxlength=\"400\" class=\"wpcf7-form-control wpcf7-text wpcf7-validates-as-required\" id=\"3719\" aria-required=\"true\" aria-invalid=\"false\" placeholder=\"Apellido*\" value=\"\" type=\"text\" name=\"nom\" \/><\/span><\/label>\n<\/p>\n<p><label> Su email*<br \/>\n<span class=\"wpcf7-form-control-wrap\" data-name=\"email\"><input size=\"40\" maxlength=\"400\" class=\"wpcf7-form-control wpcf7-email wpcf7-validates-as-required wpcf7-text wpcf7-validates-as-email\" id=\"3720\" aria-required=\"true\" aria-invalid=\"false\" placeholder=\"Email*\" value=\"\" type=\"email\" name=\"email\" \/><\/span><\/label>\n<\/p>\n<p><label> Su asunto*<br \/>\n<span class=\"wpcf7-form-control-wrap\" data-name=\"objet\"><input size=\"40\" maxlength=\"400\" class=\"wpcf7-form-control wpcf7-text wpcf7-validates-as-required\" id=\"3721\" aria-required=\"true\" aria-invalid=\"false\" placeholder=\"Asunto*\" value=\"\" type=\"text\" name=\"objet\" \/><\/span><\/label>\n<\/p>\n<p><label> Texto libre (lo que motiva su candidatura)<br \/>\n<span class=\"wpcf7-form-control-wrap\" data-name=\"textarea-996\"><textarea cols=\"40\" rows=\"10\" maxlength=\"2000\" class=\"wpcf7-form-control wpcf7-textarea\" aria-invalid=\"false\" placeholder=\"texto libre\" name=\"textarea-996\"><\/textarea><\/span><\/label>\n<\/p>\n<p><label> Adjuntar su CV*<br \/>\n<\/label>\n<\/p>\n<p>Adjuntar su CV* (formato pdf, doc o docx)\n<\/p>\n<p><span class=\"wpcf7-form-control-wrap\" data-name=\"cv\"><input size=\"40\" class=\"wpcf7-form-control wpcf7-file wpcf7-validates-as-required\" accept=\".pdf,.doc,.docx\" aria-required=\"true\" aria-invalid=\"false\" type=\"file\" name=\"cv\" \/><\/span>\n<\/p>\n<p>* Campos obligatorios\n<\/p>\n<p><span class=\"wpcf7-form-control-wrap\" data-name=\"checkbox-810\"><span class=\"wpcf7-form-control wpcf7-checkbox wpcf7-validates-as-required\"><span class=\"wpcf7-list-item first last\"><label><input type=\"checkbox\" name=\"checkbox-810[]\" value=\"Al enviar este formulario, acepto que la informaci\u00f3n introducida sea utilizada en el marco de esta solicitud de contacto. Consulte nuestra pol\u00edtica de privacidad para m\u00e1s informaci\u00f3n.\" \/><span class=\"wpcf7-list-item-label\">Al enviar este formulario, acepto que la informaci\u00f3n introducida sea utilizada en el marco de esta solicitud de contacto. Consulte nuestra pol\u00edtica de privacidad para m\u00e1s informaci\u00f3n.<\/span><\/label><\/span><\/span><\/span>\n<\/p>\n<p><input class=\"wpcf7-form-control wpcf7-submit tb-btn tb-color4 tb-style3 has-spinner\" id=\"3723\" type=\"submit\" value=\"Enviar\" \/>\n<\/p><div class=\"wpcf7-response-output\" aria-hidden=\"true\"><\/div>\n<\/form>\n<\/div>\n      \n    <\/div>\n      \n  \t\t\t\t<\/div>\n\t\t\t\t<\/div>\n\t\t\t\t\t<\/div>\n\t\t<\/div>\n\t\t\t\t\t<\/div>\n\t\t<\/section>\n\t\t\t\t<\/div>\n\t\t","protected":false},"excerpt":{"rendered":"<p>CANDIDATOS \u00danete a la Assurtech que cultiva la ventaja competitiva y transforma el mundo de los seguros. Digital Insure recluta constantemente nuevos talentos en todos sus polos de especializaci\u00f3n: soporte comercial, estudios y soluciones digitales, protecci\u00f3n social, oferta y actuar\u00eda, gesti\u00f3n, servicio al cliente, aceptaci\u00f3n m\u00e9dica e indemnizaciones, comercio de corredores y grandes socios&#8230; Orientados [&hellip;]<\/p>\n","protected":false},"author":9,"featured_media":0,"parent":0,"menu_order":0,"comment_status":"closed","ping_status":"closed","template":"","meta":{"footnotes":""},"class_list":["post-39183","page","type-page","status-publish","hentry"],"_links":{"self":[{"href":"https:\/\/www.digital-insure.fr\/es\/wp-json\/wp\/v2\/pages\/39183","targetHints":{"allow":["GET"]}}],"collection":[{"href":"https:\/\/www.digital-insure.fr\/es\/wp-json\/wp\/v2\/pages"}],"about":[{"href":"https:\/\/www.digital-insure.fr\/es\/wp-json\/wp\/v2\/types\/page"}],"author":[{"embeddable":true,"href":"https:\/\/www.digital-insure.fr\/es\/wp-json\/wp\/v2\/users\/9"}],"replies":[{"embeddable":true,"href":"https:\/\/www.digital-insure.fr\/es\/wp-json\/wp\/v2\/comments?post=39183"}],"version-history":[{"count":8,"href":"https:\/\/www.digital-insure.fr\/es\/wp-json\/wp\/v2\/pages\/39183\/revisions"}],"predecessor-version":[{"id":40393,"href":"https:\/\/www.digital-insure.fr\/es\/wp-json\/wp\/v2\/pages\/39183\/revisions\/40393"}],"wp:attachment":[{"href":"https:\/\/www.digital-insure.fr\/es\/wp-json\/wp\/v2\/media?parent=39183"}],"curies":[{"name":"wp","href":"https:\/\/api.w.org\/{rel}","templated":true}]}}