{"id":39097,"date":"2020-06-16T14:03:26","date_gmt":"2020-06-16T12:03:26","guid":{"rendered":"https:\/\/www.digital-insure.fr\/bpsis-naoassur\/"},"modified":"2025-10-21T15:01:53","modified_gmt":"2025-10-21T13:01:53","slug":"bpsis-naoassur","status":"publish","type":"page","link":"https:\/\/www.digital-insure.fr\/es\/bpsis-naoassur\/","title":{"rendered":"BPSIS-NAOASSUR"},"content":{"rendered":"\t\t<div data-elementor-type=\"wp-page\" data-elementor-id=\"39097\" class=\"elementor elementor-39097 elementor-7318\" data-elementor-post-type=\"page\">\n\t\t\t\t\t\t<section class=\"elementor-section elementor-top-section elementor-element elementor-element-7f08e015 elementor-section-stretched elementor-section-content-middle elementor-section-boxed elementor-section-height-default elementor-section-height-default\" data-id=\"7f08e015\" data-element_type=\"section\" data-e-type=\"section\" data-settings=\"{&quot;stretch_section&quot;:&quot;section-stretched&quot;,&quot;background_background&quot;:&quot;classic&quot;}\">\n\t\t\t\t\t\t\t<div class=\"elementor-background-overlay\"><\/div>\n\t\t\t\t\t\t\t<div class=\"elementor-container elementor-column-gap-default\">\n\t\t\t\t\t<div class=\"elementor-column elementor-col-100 elementor-top-column elementor-element elementor-element-66d8a81d\" data-id=\"66d8a81d\" data-element_type=\"column\" data-e-type=\"column\">\n\t\t\t<div class=\"elementor-widget-wrap elementor-element-populated\">\n\t\t\t\t\t\t<section class=\"elementor-section elementor-inner-section elementor-element elementor-element-f147865 elementor-section-boxed elementor-section-height-default elementor-section-height-default\" data-id=\"f147865\" data-element_type=\"section\" data-e-type=\"section\">\n\t\t\t\t\t\t<div class=\"elementor-container elementor-column-gap-default\">\n\t\t\t\t\t<div class=\"elementor-column elementor-col-33 elementor-inner-column elementor-element elementor-element-19e598a\" data-id=\"19e598a\" data-element_type=\"column\" data-e-type=\"column\">\n\t\t\t<div class=\"elementor-widget-wrap\">\n\t\t\t\t\t\t\t<\/div>\n\t\t<\/div>\n\t\t\t\t<div class=\"elementor-column elementor-col-33 elementor-inner-column elementor-element elementor-element-fd24143\" data-id=\"fd24143\" data-element_type=\"column\" data-e-type=\"column\">\n\t\t\t<div class=\"elementor-widget-wrap elementor-element-populated\">\n\t\t\t\t\t\t<div class=\"elementor-element elementor-element-3dad0be1 elementor-widget elementor-widget-webify-section-heading-widget\" data-id=\"3dad0be1\" data-element_type=\"widget\" data-e-type=\"widget\" data-widget_type=\"webify-section-heading-widget.default\">\n\t\t\t\t<div class=\"elementor-widget-container\">\n\t\t\t\t\t        <div class=\"tb-section-heading tb-style2\">\n                      <div none=\"\" class=\"tb-f11-lg tb-mt-4 tb-small-heading tb-mb-5 tb-line1-6 tb-spacing2 tb-grayb5b5b5-c text-uppercase\" class=\"tb-f11-lg tb-mt-4 tb-small-heading tb-mb-5 tb-line1-6 tb-spacing2 tb-grayb5b5b5-c text-uppercase\">BPSIS - NAOASSUR<\/div>\n            <div class=\"empty-space marg-lg-b20\"><\/div>\n                                <h1 class=\"tb-f32-lg tb-f28-sm tb-big-heading tb-font-name tb-mt-6 tb-mb-9 tb-mt-4-sm tb-mb-7-sm\" class=\"tb-f32-lg tb-f28-sm tb-big-heading tb-font-name tb-mt-6 tb-mb-9 tb-mt-4-sm tb-mb-7-sm\">Que souhaitez vous faire?<\/h1>\n                  <\/div>\n        \t\t\t\t<\/div>\n\t\t\t\t<\/div>\n\t\t\t\t\t<\/div>\n\t\t<\/div>\n\t\t\t\t<div class=\"elementor-column elementor-col-33 elementor-inner-column elementor-element elementor-element-269803b\" data-id=\"269803b\" data-element_type=\"column\" data-e-type=\"column\">\n\t\t\t<div class=\"elementor-widget-wrap\">\n\t\t\t\t\t\t\t<\/div>\n\t\t<\/div>\n\t\t\t\t\t<\/div>\n\t\t<\/section>\n\t\t\t\t<section class=\"elementor-section elementor-inner-section elementor-element elementor-element-15d528a elementor-section-boxed elementor-section-height-default elementor-section-height-default\" data-id=\"15d528a\" data-element_type=\"section\" data-e-type=\"section\">\n\t\t\t\t\t\t<div class=\"elementor-container elementor-column-gap-default\">\n\t\t\t\t\t<div class=\"elementor-column elementor-col-33 elementor-inner-column elementor-element elementor-element-1fc9b16\" data-id=\"1fc9b16\" data-element_type=\"column\" data-e-type=\"column\">\n\t\t\t<div class=\"elementor-widget-wrap\">\n\t\t\t\t\t\t\t<\/div>\n\t\t<\/div>\n\t\t\t\t<div class=\"elementor-column elementor-col-33 elementor-inner-column elementor-element elementor-element-bf9140d\" data-id=\"bf9140d\" data-element_type=\"column\" data-e-type=\"column\" data-settings=\"{&quot;background_background&quot;:&quot;classic&quot;}\">\n\t\t\t<div class=\"elementor-widget-wrap elementor-element-populated\">\n\t\t\t\t\t\t<div class=\"elementor-element elementor-element-10e65cbe elementor-widget elementor-widget-webify-section-heading-widget\" data-id=\"10e65cbe\" data-element_type=\"widget\" data-e-type=\"widget\" data-widget_type=\"webify-section-heading-widget.default\">\n\t\t\t\t<div class=\"elementor-widget-container\">\n\t\t\t\t\t        <div class=\"tb-section-heading\">\n          <h2 class=\"tb-f32-lg tb-f28-sm tb-big-heading tb-font-name tb-mt-5 tb-mb-8 tb-mb-6-sm\" class=\"tb-f32-lg tb-f28-sm tb-big-heading tb-font-name tb-mt-5 tb-mb-8 tb-mb-6-sm\">Vous \u00eates courtier <br> et vous souhaitez acc\u00e9der \u00e0 votre espace Partenaire BPSIs - Naoassur?<\/h2>\n        <\/div>\n      \n      \t\t\t\t<\/div>\n\t\t\t\t<\/div>\n\t\t\t\t<div class=\"elementor-element elementor-element-b258144 elementor-align-center elementor-widget elementor-widget-button\" data-id=\"b258144\" data-element_type=\"widget\" data-e-type=\"widget\" data-widget_type=\"button.default\">\n\t\t\t\t<div class=\"elementor-widget-container\">\n\t\t\t\t\t\t\t\t\t<div class=\"elementor-button-wrapper\">\n\t\t\t\t\t<a class=\"elementor-button elementor-button-link elementor-size-sm\" href=\"https:\/\/www.bpsis.fr\/front-web\/faces\/bpsis\/broker_login_v2.xhtml\" target=\"_blank\">\n\t\t\t\t\t\t<span class=\"elementor-button-content-wrapper\">\n\t\t\t\t\t\t\t\t\t<span class=\"elementor-button-text\">BPSIs naoassur - \u00c1rea de Socios<\/span>\n\t\t\t\t\t<\/span>\n\t\t\t\t\t<\/a>\n\t\t\t\t<\/div>\n\t\t\t\t\t\t\t\t<\/div>\n\t\t\t\t<\/div>\n\t\t\t\t<div class=\"elementor-element elementor-element-57588bb elementor-widget elementor-widget-webify-section-heading-widget\" data-id=\"57588bb\" data-element_type=\"widget\" data-e-type=\"widget\" data-widget_type=\"webify-section-heading-widget.default\">\n\t\t\t\t<div class=\"elementor-widget-container\">\n\t\t\t\t\t        <div class=\"tb-section-heading\">\n          <h2 class=\"tb-f32-lg tb-f28-sm tb-big-heading tb-font-name tb-mt-5 tb-mb-8 tb-mb-6-sm\" class=\"tb-f32-lg tb-f28-sm tb-big-heading tb-font-name tb-mt-5 tb-mb-8 tb-mb-6-sm\">Vous \u00eates client BPSIs - Naoassur <br> et vous souhaitez acc\u00e9der \u00e0 votre espace personnel pour consulter et\/ou modifier vos informations sur l\u2019extranet BPSIs - Naoassur ?<\/h2>\n        <\/div>\n      \n      \t\t\t\t<\/div>\n\t\t\t\t<\/div>\n\t\t\t\t<div class=\"elementor-element elementor-element-8c4494d elementor-align-center elementor-widget elementor-widget-button\" data-id=\"8c4494d\" data-element_type=\"widget\" data-e-type=\"widget\" data-widget_type=\"button.default\">\n\t\t\t\t<div class=\"elementor-widget-container\">\n\t\t\t\t\t\t\t\t\t<div class=\"elementor-button-wrapper\">\n\t\t\t\t\t<a class=\"elementor-button elementor-button-link elementor-size-sm\" href=\"https:\/\/client.bpsis.fr\/front-web\/faces\/clt-bpsis\/client_login_v2.xhtml\" target=\"_blank\">\n\t\t\t\t\t\t<span class=\"elementor-button-content-wrapper\">\n\t\t\t\t\t\t\t\t\t<span class=\"elementor-button-text\">BPSIs naoassur - \u00c1rea de Clientes<\/span>\n\t\t\t\t\t<\/span>\n\t\t\t\t\t<\/a>\n\t\t\t\t<\/div>\n\t\t\t\t\t\t\t\t<\/div>\n\t\t\t\t<\/div>\n\t\t\t\t<div class=\"elementor-element elementor-element-6252b66 elementor-widget elementor-widget-webify-section-heading-widget\" data-id=\"6252b66\" data-element_type=\"widget\" data-e-type=\"widget\" data-widget_type=\"webify-section-heading-widget.default\">\n\t\t\t\t<div class=\"elementor-widget-container\">\n\t\t\t\t\t        <div class=\"tb-section-heading\">\n          <h2 class=\"tb-f32-lg tb-f28-sm tb-big-heading tb-font-name tb-mt-5 tb-mb-8 tb-mb-6-sm\" class=\"tb-f32-lg tb-f28-sm tb-big-heading tb-font-name tb-mt-5 tb-mb-8 tb-mb-6-sm\">Vous souhaitez devenir partenaire Digital Insure?<\/h2>\n        <\/div>\n      \n      \t\t\t\t<\/div>\n\t\t\t\t<\/div>\n\t\t\t\t<div class=\"elementor-element elementor-element-e391db6 elementor-align-center elementor-widget elementor-widget-button\" data-id=\"e391db6\" data-element_type=\"widget\" data-e-type=\"widget\" data-widget_type=\"button.default\">\n\t\t\t\t<div class=\"elementor-widget-container\">\n\t\t\t\t\t\t\t\t\t<div class=\"elementor-button-wrapper\">\n\t\t\t\t\t<a class=\"elementor-button elementor-button-link elementor-size-sm\" href=\"https:\/\/www.digital-insure.fr\/devenir-partenaire\/\" target=\"_blank\">\n\t\t\t\t\t\t<span class=\"elementor-button-content-wrapper\">\n\t\t\t\t\t\t\t\t\t<span class=\"elementor-button-text\">Convertirse en Socio de Digital Insure<\/span>\n\t\t\t\t\t<\/span>\n\t\t\t\t\t<\/a>\n\t\t\t\t<\/div>\n\t\t\t\t\t\t\t\t<\/div>\n\t\t\t\t<\/div>\n\t\t\t\t<div class=\"elementor-element elementor-element-ddbbb70 elementor-widget elementor-widget-webify-section-heading-widget\" data-id=\"ddbbb70\" data-element_type=\"widget\" data-e-type=\"widget\" data-widget_type=\"webify-section-heading-widget.default\">\n\t\t\t\t<div class=\"elementor-widget-container\">\n\t\t\t\t\t        <div class=\"tb-section-heading\">\n          <h2 class=\"tb-f32-lg tb-f28-sm tb-big-heading tb-font-name tb-mt-5 tb-mb-8 tb-mb-6-sm\" class=\"tb-f32-lg tb-f28-sm tb-big-heading tb-font-name tb-mt-5 tb-mb-8 tb-mb-6-sm\">Vous souhaitez \u00eatre mis en relation avec un distributeur ?<\/h2>\n        <\/div>\n      \n      \t\t\t\t<\/div>\n\t\t\t\t<\/div>\n\t\t\t\t<div class=\"elementor-element elementor-element-f89f2d7 elementor-align-center elementor-widget elementor-widget-button\" data-id=\"f89f2d7\" data-element_type=\"widget\" data-e-type=\"widget\" data-widget_type=\"button.default\">\n\t\t\t\t<div class=\"elementor-widget-container\">\n\t\t\t\t\t\t\t\t\t<div class=\"elementor-button-wrapper\">\n\t\t\t\t\t<a class=\"elementor-button elementor-button-link elementor-size-sm\" href=\"https:\/\/www.digital-insure.fr\/es\/contacto\/\" target=\"_blank\">\n\t\t\t\t\t\t<span class=\"elementor-button-content-wrapper\">\n\t\t\t\t\t\t\t\t\t<span class=\"elementor-button-text\">Contactar con Digital Insure<\/span>\n\t\t\t\t\t<\/span>\n\t\t\t\t\t<\/a>\n\t\t\t\t<\/div>\n\t\t\t\t\t\t\t\t<\/div>\n\t\t\t\t<\/div>\n\t\t\t\t<div class=\"elementor-element elementor-element-a67487c elementor-widget elementor-widget-webify-section-heading-widget\" data-id=\"a67487c\" data-element_type=\"widget\" data-e-type=\"widget\" data-widget_type=\"webify-section-heading-widget.default\">\n\t\t\t\t<div class=\"elementor-widget-container\">\n\t\t\t\t\t        <div class=\"tb-section-heading\">\n          <h2 class=\"tb-f32-lg tb-f28-sm tb-big-heading tb-font-name tb-mt-5 tb-mb-8 tb-mb-6-sm\" class=\"tb-f32-lg tb-f28-sm tb-big-heading tb-font-name tb-mt-5 tb-mb-8 tb-mb-6-sm\">Vous recherchez des informations sur BPSIs ?<\/h2>\n        <\/div>\n      \n      \t\t\t\t<\/div>\n\t\t\t\t<\/div>\n\t\t\t\t<div class=\"elementor-element elementor-element-03444be elementor-widget elementor-widget-text-editor\" data-id=\"03444be\" data-element_type=\"widget\" data-e-type=\"widget\" data-widget_type=\"text-editor.default\">\n\t\t\t\t<div class=\"elementor-widget-container\">\n\t\t\t\t\t\t\t\t\t<p>BPSIs es una de las filiales de Digital Insure.<br>El sitio web ha evolucionado: encuentre toda la informaci\u00f3n que busca en el sitio web de Digital Insure.<\/p>\t\t\t\t\t\t\t\t<\/div>\n\t\t\t\t<\/div>\n\t\t\t\t<div class=\"elementor-element elementor-element-f47ecd3 elementor-align-center elementor-widget elementor-widget-button\" data-id=\"f47ecd3\" data-element_type=\"widget\" data-e-type=\"widget\" data-widget_type=\"button.default\">\n\t\t\t\t<div class=\"elementor-widget-container\">\n\t\t\t\t\t\t\t\t\t<div class=\"elementor-button-wrapper\">\n\t\t\t\t\t<a class=\"elementor-button elementor-button-link elementor-size-sm\" href=\"https:\/\/www.digital-insure.fr\/es\/\" target=\"_blank\">\n\t\t\t\t\t\t<span class=\"elementor-button-content-wrapper\">\n\t\t\t\t\t\t\t\t\t<span class=\"elementor-button-text\">Ir al sitio web de Digital Insure<\/span>\n\t\t\t\t\t<\/span>\n\t\t\t\t\t<\/a>\n\t\t\t\t<\/div>\n\t\t\t\t\t\t\t\t<\/div>\n\t\t\t\t<\/div>\n\t\t\t\t\t<\/div>\n\t\t<\/div>\n\t\t\t\t<div class=\"elementor-column elementor-col-33 elementor-inner-column elementor-element elementor-element-c8ab0ea\" data-id=\"c8ab0ea\" data-element_type=\"column\" data-e-type=\"column\">\n\t\t\t<div class=\"elementor-widget-wrap\">\n\t\t\t\t\t\t\t<\/div>\n\t\t<\/div>\n\t\t\t\t\t<\/div>\n\t\t<\/section>\n\t\t\t\t<div class=\"elementor-element elementor-element-51f7d48f elementor-widget elementor-widget-spacer\" data-id=\"51f7d48f\" data-element_type=\"widget\" data-e-type=\"widget\" data-widget_type=\"spacer.default\">\n\t\t\t\t<div class=\"elementor-widget-container\">\n\t\t\t\t\t\t\t<div class=\"elementor-spacer\">\n\t\t\t<div class=\"elementor-spacer-inner\"><\/div>\n\t\t<\/div>\n\t\t\t\t\t\t<\/div>\n\t\t\t\t<\/div>\n\t\t\t\t\t<\/div>\n\t\t<\/div>\n\t\t\t\t\t<\/div>\n\t\t<\/section>\n\t\t\t\t<\/div>\n\t\t","protected":false},"excerpt":{"rendered":"<p>BPSIS \u2013 NAOASSUR Que souhaitez vous faire? Vous \u00eates courtier et vous souhaitez acc\u00e9der \u00e0 votre espace Partenaire BPSIs \u2013 Naoassur? BPSIs naoassur \u2013 \u00c1rea de Socios Vous \u00eates client BPSIs \u2013 Naoassur et vous souhaitez acc\u00e9der \u00e0 votre espace personnel pour consulter et\/ou modifier vos informations sur l\u2019extranet BPSIs \u2013 Naoassur ? BPSIs naoassur [&hellip;]<\/p>\n","protected":false},"author":11,"featured_media":0,"parent":0,"menu_order":0,"comment_status":"closed","ping_status":"closed","template":"","meta":{"footnotes":""},"class_list":["post-39097","page","type-page","status-publish","hentry"],"_links":{"self":[{"href":"https:\/\/www.digital-insure.fr\/es\/wp-json\/wp\/v2\/pages\/39097","targetHints":{"allow":["GET"]}}],"collection":[{"href":"https:\/\/www.digital-insure.fr\/es\/wp-json\/wp\/v2\/pages"}],"about":[{"href":"https:\/\/www.digital-insure.fr\/es\/wp-json\/wp\/v2\/types\/page"}],"author":[{"embeddable":true,"href":"https:\/\/www.digital-insure.fr\/es\/wp-json\/wp\/v2\/users\/11"}],"replies":[{"embeddable":true,"href":"https:\/\/www.digital-insure.fr\/es\/wp-json\/wp\/v2\/comments?post=39097"}],"version-history":[{"count":1,"href":"https:\/\/www.digital-insure.fr\/es\/wp-json\/wp\/v2\/pages\/39097\/revisions"}],"predecessor-version":[{"id":39101,"href":"https:\/\/www.digital-insure.fr\/es\/wp-json\/wp\/v2\/pages\/39097\/revisions\/39101"}],"wp:attachment":[{"href":"https:\/\/www.digital-insure.fr\/es\/wp-json\/wp\/v2\/media?parent=39097"}],"curies":[{"name":"wp","href":"https:\/\/api.w.org\/{rel}","templated":true}]}}