{"id":39090,"date":"2023-05-26T13:40:09","date_gmt":"2023-05-26T11:40:09","guid":{"rendered":"https:\/\/www.digital-insure.fr\/rescision-de-contrato\/"},"modified":"2025-10-21T15:01:49","modified_gmt":"2025-10-21T13:01:49","slug":"rescision-de-contrato","status":"publish","type":"page","link":"https:\/\/www.digital-insure.fr\/es\/rescision-de-contrato\/","title":{"rendered":"Rescisi\u00f3n de contrato"},"content":{"rendered":"\t\t<div data-elementor-type=\"wp-page\" data-elementor-id=\"39090\" class=\"elementor elementor-39090 elementor-33480\" data-elementor-post-type=\"page\">\n\t\t\t\t\t\t<section class=\"elementor-section elementor-top-section elementor-element elementor-element-3bf7d69e elementor-section-stretched elementor-section-content-middle elementor-section-boxed elementor-section-height-default elementor-section-height-default\" data-id=\"3bf7d69e\" data-element_type=\"section\" data-e-type=\"section\" data-settings=\"{&quot;stretch_section&quot;:&quot;section-stretched&quot;,&quot;background_background&quot;:&quot;classic&quot;}\">\n\t\t\t\t\t\t\t<div class=\"elementor-background-overlay\"><\/div>\n\t\t\t\t\t\t\t<div class=\"elementor-container elementor-column-gap-default\">\n\t\t\t\t\t<div class=\"elementor-column elementor-col-100 elementor-top-column elementor-element elementor-element-6dbc0bdb\" data-id=\"6dbc0bdb\" data-element_type=\"column\" data-e-type=\"column\">\n\t\t\t<div class=\"elementor-widget-wrap elementor-element-populated\">\n\t\t\t\t\t\t<div class=\"elementor-element elementor-element-3a7e9a8d elementor-widget elementor-widget-spacer\" data-id=\"3a7e9a8d\" data-element_type=\"widget\" data-e-type=\"widget\" data-widget_type=\"spacer.default\">\n\t\t\t\t<div class=\"elementor-widget-container\">\n\t\t\t\t\t\t\t<div class=\"elementor-spacer\">\n\t\t\t<div class=\"elementor-spacer-inner\"><\/div>\n\t\t<\/div>\n\t\t\t\t\t\t<\/div>\n\t\t\t\t<\/div>\n\t\t\t\t<section class=\"elementor-section elementor-inner-section elementor-element elementor-element-5dbdf8de elementor-section-boxed elementor-section-height-default elementor-section-height-default\" data-id=\"5dbdf8de\" data-element_type=\"section\" data-e-type=\"section\">\n\t\t\t\t\t\t<div class=\"elementor-container elementor-column-gap-default\">\n\t\t\t\t\t<div class=\"elementor-column elementor-col-50 elementor-inner-column elementor-element elementor-element-641414c9\" data-id=\"641414c9\" data-element_type=\"column\" data-e-type=\"column\">\n\t\t\t<div class=\"elementor-widget-wrap elementor-element-populated\">\n\t\t\t\t\t\t<div class=\"elementor-element elementor-element-6dcfbcfd elementor-widget elementor-widget-webify-section-heading-widget\" data-id=\"6dcfbcfd\" data-element_type=\"widget\" data-e-type=\"widget\" data-widget_type=\"webify-section-heading-widget.default\">\n\t\t\t\t<div class=\"elementor-widget-container\">\n\t\t\t\t\t        <div class=\"tb-section-heading tb-style2\">\n                      <div none=\"\" class=\"tb-f11-lg tb-mt-4 tb-small-heading tb-mb-5 tb-line1-6 tb-spacing2 tb-grayb5b5b5-c text-uppercase\" class=\"tb-f11-lg tb-mt-4 tb-small-heading tb-mb-5 tb-line1-6 tb-spacing2 tb-grayb5b5b5-c text-uppercase\">R\u00e9silier mon contrat en trois clics<\/div>\n            <div class=\"empty-space marg-lg-b20\"><\/div>\n                                <h1 class=\"tb-f32-lg tb-f28-sm tb-big-heading tb-font-name tb-mt-6 tb-mb-9 tb-mt-4-sm tb-mb-7-sm\" class=\"tb-f32-lg tb-f28-sm tb-big-heading tb-font-name tb-mt-6 tb-mb-9 tb-mt-4-sm tb-mb-7-sm\">Je souhaite r\u00e9silier mon contrat<\/h1>\n                  <\/div>\n        \t\t\t\t<\/div>\n\t\t\t\t<\/div>\n\t\t\t\t<div class=\"elementor-element elementor-element-2954ff41 elementor-widget elementor-widget-webify-section-heading-widget\" data-id=\"2954ff41\" data-element_type=\"widget\" data-e-type=\"widget\" data-widget_type=\"webify-section-heading-widget.default\">\n\t\t\t\t<div class=\"elementor-widget-container\">\n\t\t\t\t\t        <div class=\"tb-section-heading\">\n          <h2 class=\"tb-f32-lg tb-f28-sm tb-big-heading tb-font-name tb-mt-5 tb-mb-8 tb-mb-6-sm\" class=\"tb-f32-lg tb-f28-sm tb-big-heading tb-font-name tb-mt-5 tb-mb-8 tb-mb-6-sm\">La loi du 16 ao\u00fbt 2022 dite \u00ab Loi sur le pouvoir d\u2019achat \u00bb permet au consommateur de r\u00e9silier un contrat par \u00ab voie \u00e9lectronique \u00bb que ce soit un contrat de t\u00e9l\u00e9phonie, d\u2019internet ou d\u2019assurance.  <br><br>Chacune des rubriques du formulaire devra \u00eatre compl\u00e9t\u00e9e et une page r\u00e9capitulative de votre demande de r\u00e9siliation vous sera ensuite pr\u00e9sent\u00e9e afin que vous puissiez v\u00e9rifier et modifier, le cas \u00e9ch\u00e9ant, les informations fournies.  <br><br>Apr\u00e8s avoir adress\u00e9 votre formulaire de r\u00e9siliation, les \u00e9quipes de Digital Insure vous confirmeront par mail sa r\u00e9ception et vous informeront ensuite de la date \u00e0 laquelle votre adh\u00e9sion prendra fin et des effets de la r\u00e9siliation sur votre adh\u00e9sion.<\/h2>\n        <\/div>\n      \n      \t\t\t\t<\/div>\n\t\t\t\t<\/div>\n\t\t\t\t\t<\/div>\n\t\t<\/div>\n\t\t\t\t<div class=\"elementor-column elementor-col-50 elementor-inner-column elementor-element elementor-element-f083a5c\" data-id=\"f083a5c\" data-element_type=\"column\" data-e-type=\"column\" data-settings=\"{&quot;background_background&quot;:&quot;classic&quot;}\">\n\t\t\t<div class=\"elementor-widget-wrap elementor-element-populated\">\n\t\t\t\t\t\t<div class=\"elementor-element elementor-element-5f666967 elementor-widget elementor-widget-webify-contact-form-7-widget\" data-id=\"5f666967\" data-element_type=\"widget\" data-e-type=\"widget\" data-widget_type=\"webify-contact-form-7-widget.default\">\n\t\t\t\t<div class=\"elementor-widget-container\">\n\t\t\t\t\t\n    <div class=\"tb-contact-form-wrapper\">\n\n    \n<div class=\"wpcf7 no-js\" id=\"wpcf7-f39314-o1\" lang=\"es-ES\" dir=\"ltr\" data-wpcf7-id=\"39314\">\n<div class=\"screen-reader-response\"><p role=\"status\" aria-live=\"polite\" aria-atomic=\"true\"><\/p> <ul><\/ul><\/div>\n<form action=\"\/es\/wp-json\/wp\/v2\/pages\/39090#wpcf7-f39314-o1\" method=\"post\" class=\"wpcf7-form init wpcf7-acceptance-as-validation\" aria-label=\"Formulario de contacto\" enctype=\"multipart\/form-data\" novalidate=\"novalidate\" data-status=\"init\">\n<fieldset class=\"hidden-fields-container\"><input type=\"hidden\" name=\"_wpcf7\" value=\"39314\" \/><input type=\"hidden\" name=\"_wpcf7_version\" value=\"6.1.5\" \/><input type=\"hidden\" name=\"_wpcf7_locale\" value=\"es_ES\" \/><input type=\"hidden\" name=\"_wpcf7_unit_tag\" value=\"wpcf7-f39314-o1\" \/><input type=\"hidden\" name=\"_wpcf7_container_post\" value=\"0\" \/><input type=\"hidden\" name=\"_wpcf7_posted_data_hash\" value=\"\" \/><input type=\"hidden\" name=\"_wpcf7cf_hidden_group_fields\" value=\"[]\" \/><input type=\"hidden\" name=\"_wpcf7cf_hidden_groups\" value=\"[]\" \/><input type=\"hidden\" name=\"_wpcf7cf_visible_groups\" value=\"[]\" \/><input type=\"hidden\" name=\"_wpcf7cf_repeaters\" value=\"[]\" \/><input type=\"hidden\" name=\"_wpcf7cf_steps\" value=\"{}\" \/><input type=\"hidden\" name=\"_wpcf7cf_options\" value=\"{&quot;form_id&quot;:39314,&quot;conditions&quot;:[],&quot;settings&quot;:{&quot;animation&quot;:&quot;yes&quot;,&quot;animation_intime&quot;:200,&quot;animation_outtime&quot;:200,&quot;conditions_ui&quot;:&quot;normal&quot;,&quot;notice_dismissed&quot;:false,&quot;regex_numeric&quot;:&quot;^[0-9]+$&quot;,&quot;regex_alphabetic&quot;:&quot;^[a-zA-Z]+$&quot;,&quot;regex_alphanumeric&quot;:&quot;^[a-zA-Z0-9]+$&quot;,&quot;regex_date&quot;:&quot;^(0?[1-9]|1[012])[- .](0?[1-9]|[12][0-9]|3[01])[- \\\/.](19|20)?[0-9]{2}$&quot;,&quot;regex_email&quot;:&quot;^[a-zA-Z0-9._%-]+@[a-zA-Z0-9.-]+.[a-zA-Z]{2,4}$&quot;,&quot;regex_numeric_label&quot;:&quot;numeric&quot;,&quot;regex_alphabetic_label&quot;:&quot;alphabetic&quot;,&quot;regex_alphanumeric_label&quot;:&quot;alphanumeric&quot;,&quot;regex_date_label&quot;:&quot;date&quot;,&quot;regex_email_label&quot;:&quot;email&quot;,&quot;regex_custom_1&quot;:&quot;&quot;,&quot;regex_custom_2&quot;:&quot;&quot;,&quot;regex_custom_3&quot;:&quot;&quot;,&quot;regex_custom_4&quot;:&quot;&quot;,&quot;regex_custom_5&quot;:&quot;&quot;,&quot;regex_custom_1_label&quot;:&quot;custom 1&quot;,&quot;regex_custom_2_label&quot;:&quot;custom 2&quot;,&quot;regex_custom_3_label&quot;:&quot;custom 3&quot;,&quot;regex_custom_4_label&quot;:&quot;custom 4&quot;,&quot;regex_custom_5_label&quot;:&quot;custom 5&quot;,&quot;notice_dismissed_rollback-cf7-5.7.6&quot;:true}}\" \/>\n<\/fieldset>\n<div class=\"wpcf7cf_multistep\">\n\t<div class=\"wpcf7cf_steps-dots\">\n\t<\/div>\n\t<div class=\"wpcf7cf_steps\">\n\t\t<div class=\"wpcf7cf_step\" data-title=\"Cancelaci&oacute;n\" data-id=\"step-1\" >\n\t\t\t<div class=\"wpcf7cf_step_inner\">\n\t\t\t\t<div class=\"step-title\">\n\t\t\t\t\t<p>Cancelaci\u00f3n\n\t\t\t\t\t<\/p>\n\t\t\t\t<\/div>\n\t\t\t\t<p><label> Su apellido (obligatorio)<br \/>\n<span class=\"wpcf7-form-control-wrap\" data-name=\"votre-nom\"><input size=\"40\" maxlength=\"400\" class=\"wpcf7-form-control wpcf7-text wpcf7-validates-as-required\" aria-required=\"true\" aria-invalid=\"false\" placeholder=\"Apellido*\" value=\"\" type=\"text\" name=\"votre-nom\" \/><\/span><\/label>\n\t\t\t\t<\/p>\n\t\t\t\t<p><label> Su nombre (obligatorio)<br \/>\n<span class=\"wpcf7-form-control-wrap\" data-name=\"votre-prenom\"><input size=\"40\" maxlength=\"400\" class=\"wpcf7-form-control wpcf7-text wpcf7-validates-as-required\" aria-required=\"true\" aria-invalid=\"false\" placeholder=\"Nombre*\" value=\"\" type=\"text\" name=\"votre-prenom\" \/><\/span><\/label>\n\t\t\t\t<\/p>\n\t\t\t\t<p><label> Raz\u00f3n social<br \/>\n<span class=\"wpcf7-form-control-wrap\" data-name=\"denomination-sociale\"><input size=\"40\" maxlength=\"400\" class=\"wpcf7-form-control wpcf7-text\" aria-invalid=\"false\" placeholder=\"Raz\u00f3n social\" value=\"\" type=\"text\" name=\"denomination-sociale\" \/><\/span><\/label>\n\t\t\t\t<\/p>\n\t\t\t\t<p><label> Fecha de nacimiento (obligatorio)<br \/>\n<span class=\"wpcf7-form-control-wrap\" data-name=\"naissance\"><input class=\"wpcf7-form-control wpcf7-date wpcf7-validates-as-required wpcf7-validates-as-date\" aria-required=\"true\" aria-invalid=\"false\" placeholder=\"Fecha de nacimiento\" value=\"\" type=\"date\" name=\"naissance\" \/><\/span><\/label>\n\t\t\t\t<\/p>\n\t\t\t\t<p><label> Su correo electr\u00f3nico (obligatorio)<br \/>\n<span class=\"wpcf7-form-control-wrap\" data-name=\"votre-email\"><input size=\"40\" maxlength=\"400\" class=\"wpcf7-form-control wpcf7-email wpcf7-validates-as-required wpcf7-text wpcf7-validates-as-email\" aria-required=\"true\" aria-invalid=\"false\" placeholder=\"Email*\" value=\"\" type=\"email\" name=\"votre-email\" \/><\/span><\/label>\n\t\t\t\t<\/p>\n\t\t\t\t<p><label> Tel\u00e9fono (obligatorio)<br \/>\n<span class=\"wpcf7-form-control-wrap\" data-name=\"numero-de-telephone\"><input size=\"40\" maxlength=\"400\" class=\"wpcf7-form-control wpcf7-tel wpcf7-validates-as-required wpcf7-text wpcf7-validates-as-tel\" aria-required=\"true\" aria-invalid=\"false\" placeholder=\"Tel*\" value=\"\" type=\"tel\" name=\"numero-de-telephone\" \/><\/span><\/label>\n\t\t\t\t<\/p>\n\t\t\t\t<p><label> N.\u00ba de contrato<br \/>\n<span class=\"wpcf7-form-control-wrap\" data-name=\"numero-contrat\"><input size=\"40\" maxlength=\"400\" class=\"wpcf7-form-control wpcf7-text wpcf7-validates-as-required\" aria-required=\"true\" aria-invalid=\"false\" placeholder=\"N.\u00ba de contrato\" value=\"\" type=\"text\" name=\"numero-contrat\" \/><\/span><\/label>\n\t\t\t\t<\/p>\n\t\t\t\t<p><label> Tipo de contrato<br \/>\n<span class=\"wpcf7-form-control-wrap\" data-name=\"contrat\"><span class=\"wpcf7-form-control wpcf7-radio\"><span class=\"wpcf7-list-item first\"><label><input type=\"radio\" name=\"contrat\" value=\"Seguro de pr\u00e9stamo\" checked=\"checked\" \/><span class=\"wpcf7-list-item-label\">Seguro de pr\u00e9stamo<\/span><\/label><\/span><span class=\"wpcf7-list-item last\"><label><input type=\"radio\" name=\"contrat\" value=\"Previsi\u00f3n individual\" \/><span class=\"wpcf7-list-item-label\">Previsi\u00f3n individual<\/span><\/label><\/span><\/span><\/span><\/label>\n\t\t\t\t<\/p>\n\t\t\t\t<div data-id=\"champs-ae\" data-orig_data_id=\"champs-ae\" data-clear_on_hide data-class=\"wpcf7cf_group\">\n\t\t\t\t\t<p><label> Motivo de cancelaci\u00f3n<br \/>\n<span class=\"wpcf7-form-control-wrap\" data-name=\"motif-ae\"><span class=\"wpcf7-form-control wpcf7-radio\"><span class=\"wpcf7-list-item first\"><label><input type=\"radio\" name=\"motif-ae\" value=\"Reembolso anticipado del pr\u00e9stamo\" checked=\"checked\" \/><span class=\"wpcf7-list-item-label\">Reembolso anticipado del pr\u00e9stamo<\/span><\/label><\/span><span class=\"wpcf7-list-item last\"><label><input type=\"radio\" name=\"motif-ae\" value=\"Deseo cancelar mi contrato actual por una oferta de la competencia\" \/><span class=\"wpcf7-list-item-label\">Deseo cancelar mi contrato actual por una oferta de la competencia<\/span><\/label><\/span><\/span><\/span><\/label>\n\t\t\t\t\t<\/p>\n\t\t\t\t\t<div data-id=\"motivation-anticipe\" data-orig_data_id=\"motivation-anticipe\"  data-class=\"wpcf7cf_group\">\n\t\t\t\t\t\t<p><i>Por favor, adjunte por correo certificado el certificado de reembolso total emitido por la entidad prestamista. La cancelaci\u00f3n ser\u00e1 efectiva en la fecha de reembolso del pr\u00e9stamo. Las cuotas cobradas en exceso le ser\u00e1n devueltas. <\/i>\n\t\t\t\t\t\t<\/p>\n\t\t\t\t\t<\/div>\n\t\t\t\t\t<div data-id=\"motivation-concurrente\" data-orig_data_id=\"motivation-concurrente\"  data-class=\"wpcf7cf_group\">\n\t\t\t\t\t\t<p><i>La normativa vigente le permite, si lo desea, solicitar la cancelaci\u00f3n de sus contratos en cualquier momento. \u00bfC\u00f3mo hacerlo? <\/i><br \/>\nSi dispone de la modificaci\u00f3n de la oferta de pr\u00e9stamo del Banco, adj\u00fantela a esta solicitud. Despu\u00e9s del estudio con la aseguradora, nos pondremos en contacto con usted si se requieren elementos adicionales.\n\t\t\t\t\t\t<\/p>\n\t\t\t\t\t\t<p>\u00bfCu\u00e1ndo ser\u00e1 efectiva mi cancelaci\u00f3n?\n\t\t\t\t\t\t<\/p>\n\t\t\t\t\t\t<ul>\n\t\t\t\t\t\t\t<li>\n\t\t\t\t\t\t\t\t<p><i>Si la fecha de efecto indicada en la decisi\u00f3n del prestamista es anterior a la fecha de recepci\u00f3n de esta decisi\u00f3n en nuestros servicios, la cancelaci\u00f3n ser\u00e1 efectiva despu\u00e9s de un plazo de 10 d\u00edas.<\/i>\n\t\t\t\t\t\t\t\t<\/p>\n\t\t\t\t\t\t\t<\/li>\n\t\t\t\t\t\t\t<li>\n\t\t\t\t\t\t\t\t<p><i>En caso de que la fecha de efecto indicada en la decisi\u00f3n del prestamista sea posterior a la fecha de recepci\u00f3n de esta decisi\u00f3n en nuestros servicios, la cancelaci\u00f3n ser\u00e1 efectiva en la fecha de efecto indicada.<\/i>\n\t\t\t\t\t\t\t\t<\/p>\n\t\t\t\t\t\t\t<\/li>\n\t\t\t\t\t\t<\/ul>\n\t\t\t\t\t<\/div>\n\t\t\t\t\t<p><label> Fecha de cancelaci\u00f3n (obligatorio)<br \/>\n<span class=\"wpcf7-form-control-wrap\" data-name=\"resiliation-ae\"><input class=\"wpcf7-form-control wpcf7-date wpcf7-validates-as-required wpcf7-validates-as-date\" min=\"2026-04-23\" aria-required=\"true\" aria-invalid=\"false\" placeholder=\"Fecha de cancelaci\u00f3n\" value=\"\" type=\"date\" name=\"resiliation-ae\" \/><\/span><\/label>\n\t\t\t\t\t<\/p>\n\t\t\t\t<\/div>\n\t\t\t\t<div data-id=\"champs-pi\" data-orig_data_id=\"champs-pi\" data-clear_on_hide data-class=\"wpcf7cf_group\">\n\t\t\t\t\t<p><label> Motivo de cancelaci\u00f3n<br \/>\n<span class=\"wpcf7-form-control-wrap\" data-name=\"motif-pi\"><span class=\"wpcf7-form-control wpcf7-radio\"><span class=\"wpcf7-list-item first\"><label><input type=\"radio\" name=\"motif-pi\" value=\"Cancelaci\u00f3n al vencimiento\" checked=\"checked\" \/><span class=\"wpcf7-list-item-label\">Cancelaci\u00f3n al vencimiento<\/span><\/label><\/span><span class=\"wpcf7-list-item\"><label><input type=\"radio\" name=\"motif-pi\" value=\"Cancelaci\u00f3n por aumento de tarifa\" \/><span class=\"wpcf7-list-item-label\">Cancelaci\u00f3n por aumento de tarifa<\/span><\/label><\/span><span class=\"wpcf7-list-item\"><label><input type=\"radio\" name=\"motif-pi\" value=\"Cancelaci\u00f3n por cambio de profesi\u00f3n, jubilaci\u00f3n o cese definitivo de actividad\" \/><span class=\"wpcf7-list-item-label\">Cancelaci\u00f3n por cambio de profesi\u00f3n, jubilaci\u00f3n o cese definitivo de actividad<\/span><\/label><\/span><span class=\"wpcf7-list-item last\"><label><input type=\"radio\" name=\"motif-pi\" value=\"Otros motivos de cancelaci\u00f3n\" \/><span class=\"wpcf7-list-item-label\">Otros motivos de cancelaci\u00f3n<\/span><\/label><\/span><\/span><\/span><\/label>\n\t\t\t\t\t<\/p>\n\t\t\t\t\t<div data-id=\"motivation-echeance\" data-orig_data_id=\"motivation-echeance\"  data-class=\"wpcf7cf_group\">\n\t\t\t\t\t\t<p><i>Tras la validaci\u00f3n de este formulario, las garant\u00edas cesar\u00e1n en la pr\u00f3xima fecha de vencimiento (que figura en su certificado de seguro), si se respeta el preaviso de 2 meses antes del vencimiento.<\/i>\n\t\t\t\t\t\t<\/p>\n\t\t\t\t\t<\/div>\n\t\t\t\t\t<div data-id=\"motivation-augmentation\" data-orig_data_id=\"motivation-augmentation\"  data-class=\"wpcf7cf_group\">\n\t\t\t\t\t\t<p><i>La solicitud de cancelaci\u00f3n debe notificarse en el plazo de 30 d\u00edas a partir de la fecha de recepci\u00f3n del aviso de vencimiento.<br \/>\nLas garant\u00edas cesan en la fecha de efecto de la cancelaci\u00f3n.<\/i>\n\t\t\t\t\t\t<\/p>\n\t\t\t\t\t<\/div>\n\t\t\t\t\t<div data-id=\"motivation-profession\" data-orig_data_id=\"motivation-profession\"  data-class=\"wpcf7cf_group\">\n\t\t\t\t\t\t<p><i>La solicitud de cancelaci\u00f3n debe notificarse en el plazo de 3 meses despu\u00e9s de la fecha en que se produzca este evento mediante carta certificada con acuse de recibo.<br \/>\nLa cancelaci\u00f3n surte efecto un mes despu\u00e9s de la notificaci\u00f3n. Le reembolsaremos las cantidades cobradas en exceso. <\/i>\n\t\t\t\t\t\t<\/p>\n\t\t\t\t\t<\/div>\n\t\t\t\t\t<p><label> Fecha de cancelaci\u00f3n (obligatorio)<br \/>\n<span class=\"wpcf7-form-control-wrap\" data-name=\"resiliation-pi\"><input class=\"wpcf7-form-control wpcf7-date wpcf7-validates-as-required wpcf7-validates-as-date\" min=\"2026-04-23\" aria-required=\"true\" aria-invalid=\"false\" placeholder=\"Fecha de cancelaci\u00f3n\" value=\"\" type=\"date\" name=\"resiliation-pi\" \/><\/span><\/label>\n\t\t\t\t\t<\/p>\n\t\t\t\t<\/div>\n\t\t\t\t<p><label> Archivos adjuntos<br \/>\n<span class=\"wpcf7-form-control-wrap\" data-name=\"documents\"><input size=\"40\" class=\"wpcf7-form-control wpcf7-multifile\" accept=\".png,.jpg,.jpeg,.pdf,.doc\" multiple=\"multiple\" aria-invalid=\"false\" type=\"file\" name=\"documents[]\" \/><\/span><\/label>\n\t\t\t\t<\/p>\n\t\t\t\t<p><label><span class=\"wpcf7-form-control-wrap\" data-name=\"gdpr\"><span class=\"wpcf7-form-control wpcf7-acceptance\"><span class=\"wpcf7-list-item\"><label><input type=\"checkbox\" name=\"gdpr\" value=\"1\" aria-invalid=\"false\" \/><span class=\"wpcf7-list-item-label\">Al enviar este formulario, acepto que la informaci\u00f3n introducida sea utilizada en el marco de esta solicitud de cancelaci\u00f3n. Puede consultar nuestra <a style=\"color: #275598;\" href=\"https:\/\/www.digital-insure.fr\/mentions-legales-et-politique-de-confidentialite\/\" target=\"_blank\">pol\u00edtica de gesti\u00f3n de datos personales aqu\u00ed<\/a><\/span><\/label><\/span><\/span><\/span><\/label>\n\t\t\t\t<\/p>\n\t\t\t<\/div>\n\t\t<\/div>\n\t\t<div class=\"wpcf7cf_step\" data-title=\"Confirmaci&oacute;n\" data-id=\"step-2\" >\n\t\t\t<div class=\"wpcf7cf_step_inner\">\n\t\t\t\t<div class=\"step-title\">\n\t\t\t\t\t<p>Confirmaci\u00f3n\n\t\t\t\t\t<\/p>\n\t\t\t\t<\/div>\n\t\t\t\t<div class=\"wpcf7cf-summary\">\n\t\t\t\t\t<p>Summary\n\t\t\t\t\t<\/p>\n\t\t\t\t<\/div>\n\t\t\t\t<p><input class=\"wpcf7-form-control wpcf7-submit tb-btn tb-color4 tb-style3 has-spinner\" type=\"submit\" value=\"Enviar\" \/>\n\t\t\t\t<\/p>\n\t\t\t<\/div>\n\t\t<\/div>\n\t<\/div>\n\t<p class=\"wpcf7cf_step_controls\"><span class=\"wpcf7cf_prev-container\"><button type=\"button\" class=\"wpcf7cf_prev\">Previous step<\/button><\/span><span class=\"wpcf7cf_next-container\"><button type=\"button\" class=\"wpcf7cf_next\">Next step<\/button><\/span>\n\t<\/p>\n<\/div><div class=\"wpcf7-response-output\" aria-hidden=\"true\"><\/div>\n<\/form>\n<\/div>\n      \n    <\/div>\n      \n  \t\t\t\t<\/div>\n\t\t\t\t<\/div>\n\t\t\t\t\t<\/div>\n\t\t<\/div>\n\t\t\t\t\t<\/div>\n\t\t<\/section>\n\t\t\t\t<div class=\"elementor-element elementor-element-643d98a2 elementor-widget elementor-widget-spacer\" data-id=\"643d98a2\" data-element_type=\"widget\" data-e-type=\"widget\" data-widget_type=\"spacer.default\">\n\t\t\t\t<div class=\"elementor-widget-container\">\n\t\t\t\t\t\t\t<div class=\"elementor-spacer\">\n\t\t\t<div class=\"elementor-spacer-inner\"><\/div>\n\t\t<\/div>\n\t\t\t\t\t\t<\/div>\n\t\t\t\t<\/div>\n\t\t\t\t\t<\/div>\n\t\t<\/div>\n\t\t\t\t\t<\/div>\n\t\t<\/section>\n\t\t\t\t<\/div>\n\t\t","protected":false},"excerpt":{"rendered":"<p>R\u00e9silier mon contrat en trois clics Je souhaite r\u00e9silier mon contrat La loi du 16 ao\u00fbt 2022 dite \u00ab Loi sur le pouvoir d\u2019achat \u00bb permet au consommateur de r\u00e9silier un contrat par \u00ab voie \u00e9lectronique \u00bb que ce soit un contrat de t\u00e9l\u00e9phonie, d\u2019internet ou d\u2019assurance. Chacune des rubriques du formulaire devra \u00eatre compl\u00e9t\u00e9e [&hellip;]<\/p>\n","protected":false},"author":16,"featured_media":0,"parent":0,"menu_order":0,"comment_status":"closed","ping_status":"closed","template":"","meta":{"footnotes":""},"class_list":["post-39090","page","type-page","status-publish","hentry"],"_links":{"self":[{"href":"https:\/\/www.digital-insure.fr\/es\/wp-json\/wp\/v2\/pages\/39090","targetHints":{"allow":["GET"]}}],"collection":[{"href":"https:\/\/www.digital-insure.fr\/es\/wp-json\/wp\/v2\/pages"}],"about":[{"href":"https:\/\/www.digital-insure.fr\/es\/wp-json\/wp\/v2\/types\/page"}],"author":[{"embeddable":true,"href":"https:\/\/www.digital-insure.fr\/es\/wp-json\/wp\/v2\/users\/16"}],"replies":[{"embeddable":true,"href":"https:\/\/www.digital-insure.fr\/es\/wp-json\/wp\/v2\/comments?post=39090"}],"version-history":[{"count":1,"href":"https:\/\/www.digital-insure.fr\/es\/wp-json\/wp\/v2\/pages\/39090\/revisions"}],"predecessor-version":[{"id":39091,"href":"https:\/\/www.digital-insure.fr\/es\/wp-json\/wp\/v2\/pages\/39090\/revisions\/39091"}],"wp:attachment":[{"href":"https:\/\/www.digital-insure.fr\/es\/wp-json\/wp\/v2\/media?parent=39090"}],"curies":[{"name":"wp","href":"https:\/\/api.w.org\/{rel}","templated":true}]}}