{"id":39080,"date":"2020-05-25T10:57:41","date_gmt":"2020-05-25T08:57:41","guid":{"rendered":"https:\/\/www.digital-insure.fr\/proyecto-internacional\/"},"modified":"2025-10-21T15:01:46","modified_gmt":"2025-10-21T13:01:46","slug":"proyecto-internacional","status":"publish","type":"page","link":"https:\/\/www.digital-insure.fr\/es\/proyecto-internacional\/","title":{"rendered":"PROYECTO INTERNACIONAL"},"content":{"rendered":"\t\t<div data-elementor-type=\"wp-page\" data-elementor-id=\"39080\" class=\"elementor elementor-39080 elementor-5665\" data-elementor-post-type=\"page\">\n\t\t\t\t\t\t<section class=\"elementor-section elementor-top-section elementor-element elementor-element-4092b31a elementor-section-stretched elementor-section-content-middle elementor-section-boxed elementor-section-height-default elementor-section-height-default\" data-id=\"4092b31a\" data-element_type=\"section\" data-e-type=\"section\" data-settings=\"{&quot;stretch_section&quot;:&quot;section-stretched&quot;,&quot;background_background&quot;:&quot;classic&quot;}\">\n\t\t\t\t\t\t\t<div class=\"elementor-background-overlay\"><\/div>\n\t\t\t\t\t\t\t<div class=\"elementor-container elementor-column-gap-default\">\n\t\t\t\t\t<div class=\"elementor-column elementor-col-100 elementor-top-column elementor-element elementor-element-839d158\" data-id=\"839d158\" data-element_type=\"column\" data-e-type=\"column\">\n\t\t\t<div class=\"elementor-widget-wrap elementor-element-populated\">\n\t\t\t\t\t\t<div class=\"elementor-element elementor-element-300da61c elementor-widget elementor-widget-spacer\" data-id=\"300da61c\" data-element_type=\"widget\" data-e-type=\"widget\" data-widget_type=\"spacer.default\">\n\t\t\t\t<div class=\"elementor-widget-container\">\n\t\t\t\t\t\t\t<div class=\"elementor-spacer\">\n\t\t\t<div class=\"elementor-spacer-inner\"><\/div>\n\t\t<\/div>\n\t\t\t\t\t\t<\/div>\n\t\t\t\t<\/div>\n\t\t\t\t<section class=\"elementor-section elementor-inner-section elementor-element elementor-element-698bc155 elementor-section-content-middle elementor-section-boxed elementor-section-height-default elementor-section-height-default\" data-id=\"698bc155\" data-element_type=\"section\" data-e-type=\"section\" data-settings=\"{&quot;background_background&quot;:&quot;classic&quot;}\">\n\t\t\t\t\t\t<div class=\"elementor-container elementor-column-gap-default\">\n\t\t\t\t\t<div class=\"elementor-column elementor-col-100 elementor-inner-column elementor-element elementor-element-63916c8f\" data-id=\"63916c8f\" data-element_type=\"column\" data-e-type=\"column\">\n\t\t\t<div class=\"elementor-widget-wrap elementor-element-populated\">\n\t\t\t\t\t\t<div class=\"elementor-element elementor-element-4118a0b9 animated-slow elementor-invisible elementor-widget elementor-widget-webify-text-block-with-button-widget\" data-id=\"4118a0b9\" data-element_type=\"widget\" data-e-type=\"widget\" data-settings=\"{&quot;_animation&quot;:&quot;fadeIn&quot;}\" data-widget_type=\"webify-text-block-with-button-widget.default\">\n\t\t\t\t<div class=\"elementor-widget-container\">\n\t\t\t\t\t\n        <div class=\"tb-section-heading\">\n          <div class=\"tb-style2\">\n                                      <h2 class=\"tb-f32-lg tb-big-heading tb-f25-sm tb-font-name tb-m0\">Vous avez un projet \u00e0 l'international?<\/h2>\n              <div class=\"empty-space marg-lg-b25\"><\/div>\n                      <\/div>\n                      <div class=\"tb-line1-6 tb-f16-lg tb-description\">Assureur, Mutuelle, Banque, Conseil  <br> Digital Insure est partenaire de votre d\u00e9veloppement\n<\/div>\n            <div class=\"empty-space marg-lg-b35\"><\/div>\n                                <a href=\"\/devenir-partenaire\/\" target=\"_blank\" class=\"tb-btn tb-btn-primary tb-style3 tb-color3\">Contactez-nous<\/a>\n                  <\/div>\n        \t\t\t\t<\/div>\n\t\t\t\t<\/div>\n\t\t\t\t\t<\/div>\n\t\t<\/div>\n\t\t\t\t\t<\/div>\n\t\t<\/section>\n\t\t\t\t<div class=\"elementor-element elementor-element-68e28867 elementor-widget elementor-widget-spacer\" data-id=\"68e28867\" data-element_type=\"widget\" data-e-type=\"widget\" data-widget_type=\"spacer.default\">\n\t\t\t\t<div class=\"elementor-widget-container\">\n\t\t\t\t\t\t\t<div class=\"elementor-spacer\">\n\t\t\t<div class=\"elementor-spacer-inner\"><\/div>\n\t\t<\/div>\n\t\t\t\t\t\t<\/div>\n\t\t\t\t<\/div>\n\t\t\t\t\t<\/div>\n\t\t<\/div>\n\t\t\t\t\t<\/div>\n\t\t<\/section>\n\t\t\t\t<section class=\"elementor-section elementor-top-section elementor-element elementor-element-2e2ed2ca elementor-section-boxed elementor-section-height-default elementor-section-height-default\" data-id=\"2e2ed2ca\" data-element_type=\"section\" data-e-type=\"section\">\n\t\t\t\t\t\t<div class=\"elementor-container elementor-column-gap-default\">\n\t\t\t\t\t<div class=\"elementor-column elementor-col-100 elementor-top-column elementor-element elementor-element-4c14d1c4\" data-id=\"4c14d1c4\" data-element_type=\"column\" data-e-type=\"column\">\n\t\t\t<div class=\"elementor-widget-wrap elementor-element-populated\">\n\t\t\t\t\t\t<div class=\"elementor-element elementor-element-5689cb6f animated-slow elementor-invisible elementor-widget elementor-widget-webify-section-heading-widget\" data-id=\"5689cb6f\" data-element_type=\"widget\" data-e-type=\"widget\" data-settings=\"{&quot;_animation&quot;:&quot;fadeIn&quot;}\" data-widget_type=\"webify-section-heading-widget.default\">\n\t\t\t\t<div class=\"elementor-widget-container\">\n\t\t\t\t\t\n        <div class=\"tb-section-heading tb-style2\"> \n                                <h1 class=\"tb-f32-lg tb-f25-sm tb-big-heading tb-font-name tb-m0\" class=\"tb-f32-lg tb-f25-sm tb-big-heading tb-font-name tb-m0\">Vous avez un projet \u00e0 l'international?<\/h1>\n                  <\/div>\n        \t\t\t\t<\/div>\n\t\t\t\t<\/div>\n\t\t\t\t<div class=\"elementor-element elementor-element-6ca45513 elementor-widget elementor-widget-text-editor\" data-id=\"6ca45513\" data-element_type=\"widget\" data-e-type=\"widget\" data-widget_type=\"text-editor.default\">\n\t\t\t\t<div class=\"elementor-widget-container\">\n\t\t\t\t\t\t\t\t\t<p><strong>Desde la Direcci\u00f3n de desarrollo o marketing estrat\u00e9gico de una compa\u00f1\u00eda de seguros, una mutua, un banco-asegurador o una consultor\u00eda, usted busca un socio para desarrollar una actividad de seguros personales a nivel internacional. \u00bfC\u00f3mo gestionarlo? \u00bfQu\u00e9 herramientas implementar? \u00bfC\u00f3mo dominar un time-to-market exigente con un enfoque de prueba y aprendizaje?   <\/strong><\/p><p><strong>Digital Insure le ofrece un acompa\u00f1amiento en el centro de su proyecto, para dise\u00f1ar juntos la soluci\u00f3n comercial, t\u00e9cnica y organizativa m\u00e1s apropiada para sus necesidades.<\/strong><\/p>\t\t\t\t\t\t\t\t<\/div>\n\t\t\t\t<\/div>\n\t\t\t\t\t<\/div>\n\t\t<\/div>\n\t\t\t\t\t<\/div>\n\t\t<\/section>\n\t\t\t\t<section class=\"elementor-section elementor-top-section elementor-element elementor-element-96bc33b elementor-section-boxed elementor-section-height-default elementor-section-height-default\" data-id=\"96bc33b\" data-element_type=\"section\" data-e-type=\"section\">\n\t\t\t\t\t\t<div class=\"elementor-container elementor-column-gap-default\">\n\t\t\t\t\t<div class=\"elementor-column elementor-col-100 elementor-top-column elementor-element elementor-element-2524def1\" data-id=\"2524def1\" data-element_type=\"column\" data-e-type=\"column\">\n\t\t\t<div class=\"elementor-widget-wrap elementor-element-populated\">\n\t\t\t\t\t\t<section class=\"elementor-section elementor-inner-section elementor-element elementor-element-2fbde2ed elementor-section-boxed elementor-section-height-default elementor-section-height-default\" data-id=\"2fbde2ed\" data-element_type=\"section\" data-e-type=\"section\" data-settings=\"{&quot;background_background&quot;:&quot;classic&quot;}\">\n\t\t\t\t\t\t<div class=\"elementor-container elementor-column-gap-no\">\n\t\t\t\t\t<div class=\"elementor-column elementor-col-50 elementor-inner-column elementor-element elementor-element-6664b0f2\" data-id=\"6664b0f2\" data-element_type=\"column\" data-e-type=\"column\">\n\t\t\t<div class=\"elementor-widget-wrap elementor-element-populated\">\n\t\t\t\t\t\t<div class=\"elementor-element elementor-element-30dfad1e elementor-widget elementor-widget-image\" data-id=\"30dfad1e\" data-element_type=\"widget\" data-e-type=\"widget\" data-widget_type=\"image.default\">\n\t\t\t\t<div class=\"elementor-widget-container\">\n\t\t\t\t\t\t\t\t\t\t\t\t\t\t\t<img fetchpriority=\"high\" decoding=\"async\" width=\"1024\" height=\"683\" src=\"https:\/\/www.digital-insure.fr\/wp-content\/uploads\/sites\/4\/2020\/05\/headway-digital-insure-1.jpg\" class=\"attachment-large size-large wp-image-5199\" alt=\"\u00e0 l&#039;\u00e9coute de vos enjeux avec Digital Insure, votre partenaire digital en assurance emprunteur et pr\u00e9voyance individuelle\" srcset=\"https:\/\/www.digital-insure.fr\/wp-content\/uploads\/sites\/4\/2020\/05\/headway-digital-insure-1.jpg 1024w, https:\/\/www.digital-insure.fr\/wp-content\/uploads\/sites\/4\/2020\/05\/headway-digital-insure-1-300x200.jpg 300w, https:\/\/www.digital-insure.fr\/wp-content\/uploads\/sites\/4\/2020\/05\/headway-digital-insure-1-768x512.jpg 768w, https:\/\/www.digital-insure.fr\/wp-content\/uploads\/sites\/4\/2020\/05\/headway-digital-insure-1-728x485.jpg 728w\" sizes=\"(max-width: 1024px) 100vw, 1024px\" \/>\t\t\t\t\t\t\t\t\t\t\t\t\t\t\t<\/div>\n\t\t\t\t<\/div>\n\t\t\t\t\t<\/div>\n\t\t<\/div>\n\t\t\t\t<div class=\"elementor-column elementor-col-50 elementor-inner-column elementor-element elementor-element-4945c471\" data-id=\"4945c471\" data-element_type=\"column\" data-e-type=\"column\" data-settings=\"{&quot;background_background&quot;:&quot;classic&quot;}\">\n\t\t\t<div class=\"elementor-widget-wrap elementor-element-populated\">\n\t\t\t\t\t\t<div class=\"elementor-element elementor-element-1cb63bf elementor-widget elementor-widget-webify-section-heading-widget\" data-id=\"1cb63bf\" data-element_type=\"widget\" data-e-type=\"widget\" data-widget_type=\"webify-section-heading-widget.default\">\n\t\t\t\t<div class=\"elementor-widget-container\">\n\t\t\t\t\t        <div class=\"tb-section-heading\">\n          <h2 class=\"tb-f32-lg tb-f28-sm tb-big-heading tb-font-name tb-mt-5 tb-mb-8 tb-mb-6-sm\" class=\"tb-f32-lg tb-f28-sm tb-big-heading tb-font-name tb-mt-5 tb-mb-8 tb-mb-6-sm\">\u00c9tape 1 : \u00e0 l\u2019\u00e9coute de vos enjeux<\/h2>\n        <\/div>\n      \n      \t\t\t\t<\/div>\n\t\t\t\t<\/div>\n\t\t\t\t<div class=\"elementor-element elementor-element-7bf2a4ad elementor-widget-divider--view-line elementor-widget elementor-widget-divider\" data-id=\"7bf2a4ad\" data-element_type=\"widget\" data-e-type=\"widget\" data-widget_type=\"divider.default\">\n\t\t\t\t<div class=\"elementor-widget-container\">\n\t\t\t\t\t\t\t<div class=\"elementor-divider\">\n\t\t\t<span class=\"elementor-divider-separator\">\n\t\t\t\t\t\t<\/span>\n\t\t<\/div>\n\t\t\t\t\t\t<\/div>\n\t\t\t\t<\/div>\n\t\t\t\t<div class=\"elementor-element elementor-element-379bc56e elementor-widget elementor-widget-text-editor\" data-id=\"379bc56e\" data-element_type=\"widget\" data-e-type=\"widget\" data-widget_type=\"text-editor.default\">\n\t\t\t\t<div class=\"elementor-widget-container\">\n\t\t\t\t\t\t\t\t\t<p>En el marco de talleres cubiertos por un acuerdo de confidencialidad mutua, usted describe su proyecto a nuestros equipos. Con una rica experiencia adquirida en todos los mercados de seguros en Francia y en el extranjero, nuestros especialistas construyen y refinan el objetivo junto a usted. <\/p>\t\t\t\t\t\t\t\t<\/div>\n\t\t\t\t<\/div>\n\t\t\t\t\t<\/div>\n\t\t<\/div>\n\t\t\t\t\t<\/div>\n\t\t<\/section>\n\t\t\t\t\t<\/div>\n\t\t<\/div>\n\t\t\t\t\t<\/div>\n\t\t<\/section>\n\t\t\t\t<section class=\"elementor-section elementor-top-section elementor-element elementor-element-45a86b16 elementor-section-boxed elementor-section-height-default elementor-section-height-default\" data-id=\"45a86b16\" data-element_type=\"section\" data-e-type=\"section\">\n\t\t\t\t\t\t<div class=\"elementor-container elementor-column-gap-default\">\n\t\t\t\t\t<div class=\"elementor-column elementor-col-100 elementor-top-column elementor-element elementor-element-5171f275\" data-id=\"5171f275\" data-element_type=\"column\" data-e-type=\"column\">\n\t\t\t<div class=\"elementor-widget-wrap elementor-element-populated\">\n\t\t\t\t\t\t<section class=\"elementor-section elementor-inner-section elementor-element elementor-element-61d1df22 elementor-section-boxed elementor-section-height-default elementor-section-height-default\" data-id=\"61d1df22\" data-element_type=\"section\" data-e-type=\"section\" data-settings=\"{&quot;background_background&quot;:&quot;classic&quot;}\">\n\t\t\t\t\t\t<div class=\"elementor-container elementor-column-gap-no\">\n\t\t\t\t\t<div class=\"elementor-column elementor-col-50 elementor-inner-column elementor-element elementor-element-7da24e3e\" data-id=\"7da24e3e\" data-element_type=\"column\" data-e-type=\"column\" data-settings=\"{&quot;background_background&quot;:&quot;classic&quot;}\">\n\t\t\t<div class=\"elementor-widget-wrap elementor-element-populated\">\n\t\t\t\t\t\t<div class=\"elementor-element elementor-element-d0fc1a5 elementor-widget elementor-widget-webify-section-heading-widget\" data-id=\"d0fc1a5\" data-element_type=\"widget\" data-e-type=\"widget\" data-widget_type=\"webify-section-heading-widget.default\">\n\t\t\t\t<div class=\"elementor-widget-container\">\n\t\t\t\t\t        <div class=\"tb-section-heading\">\n          <h2 class=\"tb-f32-lg tb-f28-sm tb-big-heading tb-font-name tb-mt-5 tb-mb-8 tb-mb-6-sm\" class=\"tb-f32-lg tb-f28-sm tb-big-heading tb-font-name tb-mt-5 tb-mb-8 tb-mb-6-sm\">\u00c9tape 2 : co-construction de votre mod\u00e8le<\/h2>\n        <\/div>\n      \n      \t\t\t\t<\/div>\n\t\t\t\t<\/div>\n\t\t\t\t<div class=\"elementor-element elementor-element-3fe9265d elementor-widget-divider--view-line elementor-widget elementor-widget-divider\" data-id=\"3fe9265d\" data-element_type=\"widget\" data-e-type=\"widget\" data-widget_type=\"divider.default\">\n\t\t\t\t<div class=\"elementor-widget-container\">\n\t\t\t\t\t\t\t<div class=\"elementor-divider\">\n\t\t\t<span class=\"elementor-divider-separator\">\n\t\t\t\t\t\t<\/span>\n\t\t<\/div>\n\t\t\t\t\t\t<\/div>\n\t\t\t\t<\/div>\n\t\t\t\t<div class=\"elementor-element elementor-element-16eb8636 elementor-widget elementor-widget-text-editor\" data-id=\"16eb8636\" data-element_type=\"widget\" data-e-type=\"widget\" data-widget_type=\"text-editor.default\">\n\t\t\t\t<div class=\"elementor-widget-container\">\n\t\t\t\t\t\t\t\t\t<p>Elaboramos el modelo t\u00e9cnico y organizativo objetivo sobre la base de un presupuesto y un modo de proyecto validados.<\/p>\t\t\t\t\t\t\t\t<\/div>\n\t\t\t\t<\/div>\n\t\t\t\t\t<\/div>\n\t\t<\/div>\n\t\t\t\t<div class=\"elementor-column elementor-col-50 elementor-inner-column elementor-element elementor-element-2a30a58c\" data-id=\"2a30a58c\" data-element_type=\"column\" data-e-type=\"column\">\n\t\t\t<div class=\"elementor-widget-wrap elementor-element-populated\">\n\t\t\t\t\t\t<div class=\"elementor-element elementor-element-58f06ca0 elementor-widget elementor-widget-image\" data-id=\"58f06ca0\" data-element_type=\"widget\" data-e-type=\"widget\" data-widget_type=\"image.default\">\n\t\t\t\t<div class=\"elementor-widget-container\">\n\t\t\t\t\t\t\t\t\t\t\t\t\t\t\t<img decoding=\"async\" width=\"1024\" height=\"683\" src=\"https:\/\/www.digital-insure.fr\/wp-content\/uploads\/sites\/4\/2020\/05\/ordi-mains-meeting-digital-insure-1.jpg\" class=\"attachment-large size-large wp-image-5201\" alt=\"co-construction de votre mod\u00e8le avec Digital Insure, votre partenaire digital en assurance emprunteur et pr\u00e9voyance individuelle\" srcset=\"https:\/\/www.digital-insure.fr\/wp-content\/uploads\/sites\/4\/2020\/05\/ordi-mains-meeting-digital-insure-1.jpg 1024w, https:\/\/www.digital-insure.fr\/wp-content\/uploads\/sites\/4\/2020\/05\/ordi-mains-meeting-digital-insure-1-300x200.jpg 300w, https:\/\/www.digital-insure.fr\/wp-content\/uploads\/sites\/4\/2020\/05\/ordi-mains-meeting-digital-insure-1-768x512.jpg 768w, https:\/\/www.digital-insure.fr\/wp-content\/uploads\/sites\/4\/2020\/05\/ordi-mains-meeting-digital-insure-1-728x485.jpg 728w\" sizes=\"(max-width: 1024px) 100vw, 1024px\" \/>\t\t\t\t\t\t\t\t\t\t\t\t\t\t\t<\/div>\n\t\t\t\t<\/div>\n\t\t\t\t\t<\/div>\n\t\t<\/div>\n\t\t\t\t\t<\/div>\n\t\t<\/section>\n\t\t\t\t\t<\/div>\n\t\t<\/div>\n\t\t\t\t\t<\/div>\n\t\t<\/section>\n\t\t\t\t<section class=\"elementor-section elementor-top-section elementor-element elementor-element-7df99365 elementor-section-boxed elementor-section-height-default elementor-section-height-default\" data-id=\"7df99365\" data-element_type=\"section\" data-e-type=\"section\">\n\t\t\t\t\t\t<div class=\"elementor-container elementor-column-gap-default\">\n\t\t\t\t\t<div class=\"elementor-column elementor-col-100 elementor-top-column elementor-element elementor-element-394667be\" data-id=\"394667be\" data-element_type=\"column\" data-e-type=\"column\">\n\t\t\t<div class=\"elementor-widget-wrap elementor-element-populated\">\n\t\t\t\t\t\t<section class=\"elementor-section elementor-inner-section elementor-element elementor-element-291118c elementor-section-boxed elementor-section-height-default elementor-section-height-default\" data-id=\"291118c\" data-element_type=\"section\" data-e-type=\"section\" data-settings=\"{&quot;background_background&quot;:&quot;classic&quot;}\">\n\t\t\t\t\t\t<div class=\"elementor-container elementor-column-gap-no\">\n\t\t\t\t\t<div class=\"elementor-column elementor-col-50 elementor-inner-column elementor-element elementor-element-68e73abd\" data-id=\"68e73abd\" data-element_type=\"column\" data-e-type=\"column\">\n\t\t\t<div class=\"elementor-widget-wrap elementor-element-populated\">\n\t\t\t\t\t\t<div class=\"elementor-element elementor-element-53b14529 elementor-widget elementor-widget-image\" data-id=\"53b14529\" data-element_type=\"widget\" data-e-type=\"widget\" data-widget_type=\"image.default\">\n\t\t\t\t<div class=\"elementor-widget-container\">\n\t\t\t\t\t\t\t\t\t\t\t\t\t\t\t<img decoding=\"async\" width=\"1024\" height=\"677\" src=\"https:\/\/www.digital-insure.fr\/wp-content\/uploads\/sites\/4\/2020\/05\/laptop-mains-homme-digital-insure-1.jpg\" class=\"attachment-large size-large wp-image-39755\" alt=\"Gardez le lien avec votre client en 100% s\u00e9curis\u00e9 avec Digital Insure\" srcset=\"https:\/\/www.digital-insure.fr\/wp-content\/uploads\/sites\/4\/2020\/05\/laptop-mains-homme-digital-insure-1.jpg 1024w, https:\/\/www.digital-insure.fr\/wp-content\/uploads\/sites\/4\/2020\/05\/laptop-mains-homme-digital-insure-1-300x198.jpg 300w, https:\/\/www.digital-insure.fr\/wp-content\/uploads\/sites\/4\/2020\/05\/laptop-mains-homme-digital-insure-1-768x508.jpg 768w\" sizes=\"(max-width: 1024px) 100vw, 1024px\" \/>\t\t\t\t\t\t\t\t\t\t\t\t\t\t\t<\/div>\n\t\t\t\t<\/div>\n\t\t\t\t\t<\/div>\n\t\t<\/div>\n\t\t\t\t<div class=\"elementor-column elementor-col-50 elementor-inner-column elementor-element elementor-element-f60703\" data-id=\"f60703\" data-element_type=\"column\" data-e-type=\"column\" data-settings=\"{&quot;background_background&quot;:&quot;classic&quot;}\">\n\t\t\t<div class=\"elementor-widget-wrap elementor-element-populated\">\n\t\t\t\t\t\t<div class=\"elementor-element elementor-element-29cf49e elementor-widget elementor-widget-webify-section-heading-widget\" data-id=\"29cf49e\" data-element_type=\"widget\" data-e-type=\"widget\" data-widget_type=\"webify-section-heading-widget.default\">\n\t\t\t\t<div class=\"elementor-widget-container\">\n\t\t\t\t\t        <div class=\"tb-section-heading\">\n          <h2 class=\"tb-f32-lg tb-f28-sm tb-big-heading tb-font-name tb-mt-5 tb-mb-8 tb-mb-6-sm\" class=\"tb-f32-lg tb-f28-sm tb-big-heading tb-font-name tb-mt-5 tb-mb-8 tb-mb-6-sm\">\u00c9tape 3 : accompagnement \u00e0 la mise en oeuvre<\/h2>\n        <\/div>\n      \n      \t\t\t\t<\/div>\n\t\t\t\t<\/div>\n\t\t\t\t<div class=\"elementor-element elementor-element-b8118ad elementor-widget-divider--view-line elementor-widget elementor-widget-divider\" data-id=\"b8118ad\" data-element_type=\"widget\" data-e-type=\"widget\" data-widget_type=\"divider.default\">\n\t\t\t\t<div class=\"elementor-widget-container\">\n\t\t\t\t\t\t\t<div class=\"elementor-divider\">\n\t\t\t<span class=\"elementor-divider-separator\">\n\t\t\t\t\t\t<\/span>\n\t\t<\/div>\n\t\t\t\t\t\t<\/div>\n\t\t\t\t<\/div>\n\t\t\t\t<div class=\"elementor-element elementor-element-1dfa46d5 elementor-widget elementor-widget-text-editor\" data-id=\"1dfa46d5\" data-element_type=\"widget\" data-e-type=\"widget\" data-widget_type=\"text-editor.default\">\n\t\t\t\t<div class=\"elementor-widget-container\">\n\t\t\t\t\t\t\t\t\t<p>No es opcional, forma parte plenamente de nuestras fortalezas y nuestro know-how.<\/p>\t\t\t\t\t\t\t\t<\/div>\n\t\t\t\t<\/div>\n\t\t\t\t\t<\/div>\n\t\t<\/div>\n\t\t\t\t\t<\/div>\n\t\t<\/section>\n\t\t\t\t\t<\/div>\n\t\t<\/div>\n\t\t\t\t\t<\/div>\n\t\t<\/section>\n\t\t\t\t<section class=\"elementor-section elementor-top-section elementor-element elementor-element-dc7e850 elementor-section-stretched elementor-section-content-middle elementor-section-boxed elementor-section-height-default elementor-section-height-default\" data-id=\"dc7e850\" data-element_type=\"section\" data-e-type=\"section\" data-settings=\"{&quot;stretch_section&quot;:&quot;section-stretched&quot;,&quot;background_background&quot;:&quot;classic&quot;}\">\n\t\t\t\t\t\t\t<div class=\"elementor-background-overlay\"><\/div>\n\t\t\t\t\t\t\t<div class=\"elementor-container elementor-column-gap-default\">\n\t\t\t\t\t<div class=\"elementor-column elementor-col-100 elementor-top-column elementor-element elementor-element-b9587fe\" data-id=\"b9587fe\" data-element_type=\"column\" data-e-type=\"column\">\n\t\t\t<div class=\"elementor-widget-wrap elementor-element-populated\">\n\t\t\t\t\t\t<div class=\"elementor-element elementor-element-6b4e921 elementor-widget elementor-widget-spacer\" data-id=\"6b4e921\" data-element_type=\"widget\" data-e-type=\"widget\" data-widget_type=\"spacer.default\">\n\t\t\t\t<div class=\"elementor-widget-container\">\n\t\t\t\t\t\t\t<div class=\"elementor-spacer\">\n\t\t\t<div class=\"elementor-spacer-inner\"><\/div>\n\t\t<\/div>\n\t\t\t\t\t\t<\/div>\n\t\t\t\t<\/div>\n\t\t\t\t<section class=\"elementor-section elementor-inner-section elementor-element elementor-element-47e2c72 elementor-section-content-middle elementor-section-boxed elementor-section-height-default elementor-section-height-default\" data-id=\"47e2c72\" data-element_type=\"section\" data-e-type=\"section\">\n\t\t\t\t\t\t<div class=\"elementor-container elementor-column-gap-default\">\n\t\t\t\t\t<div class=\"elementor-column elementor-col-100 elementor-inner-column elementor-element elementor-element-3c261e2\" data-id=\"3c261e2\" data-element_type=\"column\" data-e-type=\"column\">\n\t\t\t<div class=\"elementor-widget-wrap elementor-element-populated\">\n\t\t\t\t\t\t<div class=\"elementor-element elementor-element-57cf405 elementor-widget elementor-widget-webify-text-block-with-button-widget\" data-id=\"57cf405\" data-element_type=\"widget\" data-e-type=\"widget\" data-widget_type=\"webify-text-block-with-button-widget.default\">\n\t\t\t\t<div class=\"elementor-widget-container\">\n\t\t\t\t\t\n        <div class=\"tb-section-heading\">\n          <div class=\"tb-style2\">\n                          <div class=\"tb-f16-lg tb-small-heading tb-mt-4\">CONTACT<\/div>\n              <div class=\"empty-space marg-lg-b10\"><\/div>\n                                      <h2 class=\"tb-f32-lg tb-big-heading tb-f25-sm tb-font-name tb-m0\">Vous aussi, rejoignez la nouvelle g\u00e9n\u00e9ration de l'assurance<\/h2>\n              <div class=\"empty-space marg-lg-b25\"><\/div>\n                      <\/div>\n                      <div class=\"tb-line1-6 tb-f16-lg tb-description\">Et gardez une longueur d'avance par rapport \u00e0 vos concurrents!<\/div>\n            <div class=\"empty-space marg-lg-b35\"><\/div>\n                                <a href=\"\/devenir-partenaire\/\" target=\"_blank\" class=\"tb-btn tb-btn-primary tb-style3 tb-color3\">Demandez un rendez-vous<\/a>\n                  <\/div>\n        \t\t\t\t<\/div>\n\t\t\t\t<\/div>\n\t\t\t\t\t<\/div>\n\t\t<\/div>\n\t\t\t\t\t<\/div>\n\t\t<\/section>\n\t\t\t\t<div class=\"elementor-element elementor-element-5dc59c6 elementor-widget elementor-widget-spacer\" data-id=\"5dc59c6\" data-element_type=\"widget\" data-e-type=\"widget\" data-widget_type=\"spacer.default\">\n\t\t\t\t<div class=\"elementor-widget-container\">\n\t\t\t\t\t\t\t<div class=\"elementor-spacer\">\n\t\t\t<div class=\"elementor-spacer-inner\"><\/div>\n\t\t<\/div>\n\t\t\t\t\t\t<\/div>\n\t\t\t\t<\/div>\n\t\t\t\t\t<\/div>\n\t\t<\/div>\n\t\t\t\t\t<\/div>\n\t\t<\/section>\n\t\t\t\t<\/div>\n\t\t","protected":false},"excerpt":{"rendered":"<p>Vous avez un projet \u00e0 l&rsquo;international? Assureur, Mutuelle, Banque, Conseil Digital Insure est partenaire de votre d\u00e9veloppement Contactez-nous Vous avez un projet \u00e0 l&rsquo;international? Desde la Direcci\u00f3n de desarrollo o marketing estrat\u00e9gico de una compa\u00f1\u00eda de seguros, una mutua, un banco-asegurador o una consultor\u00eda, usted busca un socio para desarrollar una actividad de seguros personales [&hellip;]<\/p>\n","protected":false},"author":11,"featured_media":0,"parent":0,"menu_order":0,"comment_status":"closed","ping_status":"closed","template":"","meta":{"footnotes":""},"class_list":["post-39080","page","type-page","status-publish","hentry"],"_links":{"self":[{"href":"https:\/\/www.digital-insure.fr\/es\/wp-json\/wp\/v2\/pages\/39080","targetHints":{"allow":["GET"]}}],"collection":[{"href":"https:\/\/www.digital-insure.fr\/es\/wp-json\/wp\/v2\/pages"}],"about":[{"href":"https:\/\/www.digital-insure.fr\/es\/wp-json\/wp\/v2\/types\/page"}],"author":[{"embeddable":true,"href":"https:\/\/www.digital-insure.fr\/es\/wp-json\/wp\/v2\/users\/11"}],"replies":[{"embeddable":true,"href":"https:\/\/www.digital-insure.fr\/es\/wp-json\/wp\/v2\/comments?post=39080"}],"version-history":[{"count":1,"href":"https:\/\/www.digital-insure.fr\/es\/wp-json\/wp\/v2\/pages\/39080\/revisions"}],"predecessor-version":[{"id":39085,"href":"https:\/\/www.digital-insure.fr\/es\/wp-json\/wp\/v2\/pages\/39080\/revisions\/39085"}],"wp:attachment":[{"href":"https:\/\/www.digital-insure.fr\/es\/wp-json\/wp\/v2\/media?parent=39080"}],"curies":[{"name":"wp","href":"https:\/\/api.w.org\/{rel}","templated":true}]}}