{"id":39067,"date":"2020-05-25T10:50:44","date_gmt":"2020-05-25T08:50:44","guid":{"rendered":"https:\/\/www.digital-insure.fr\/proyecto-it-de-transformacion-digital\/"},"modified":"2025-10-21T15:01:46","modified_gmt":"2025-10-21T13:01:46","slug":"proyecto-it-de-transformacion-digital","status":"publish","type":"page","link":"https:\/\/www.digital-insure.fr\/es\/proyecto-it-de-transformacion-digital\/","title":{"rendered":"PROYECTO IT DE TRANSFORMACI\u00d3N DIGITAL"},"content":{"rendered":"\t\t<div data-elementor-type=\"wp-page\" data-elementor-id=\"39067\" class=\"elementor elementor-39067 elementor-5661\" data-elementor-post-type=\"page\">\n\t\t\t\t\t\t<section class=\"elementor-section elementor-top-section elementor-element elementor-element-7eeef3d4 elementor-section-stretched elementor-section-content-middle elementor-section-boxed elementor-section-height-default elementor-section-height-default\" data-id=\"7eeef3d4\" data-element_type=\"section\" data-e-type=\"section\" data-settings=\"{&quot;stretch_section&quot;:&quot;section-stretched&quot;,&quot;background_background&quot;:&quot;classic&quot;}\">\n\t\t\t\t\t\t\t<div class=\"elementor-background-overlay\"><\/div>\n\t\t\t\t\t\t\t<div class=\"elementor-container elementor-column-gap-default\">\n\t\t\t\t\t<div class=\"elementor-column elementor-col-100 elementor-top-column elementor-element elementor-element-7a901d9f\" data-id=\"7a901d9f\" data-element_type=\"column\" data-e-type=\"column\">\n\t\t\t<div class=\"elementor-widget-wrap elementor-element-populated\">\n\t\t\t\t\t\t<div class=\"elementor-element elementor-element-78e72c16 elementor-widget elementor-widget-spacer\" data-id=\"78e72c16\" data-element_type=\"widget\" data-e-type=\"widget\" data-widget_type=\"spacer.default\">\n\t\t\t\t<div class=\"elementor-widget-container\">\n\t\t\t\t\t\t\t<div class=\"elementor-spacer\">\n\t\t\t<div class=\"elementor-spacer-inner\"><\/div>\n\t\t<\/div>\n\t\t\t\t\t\t<\/div>\n\t\t\t\t<\/div>\n\t\t\t\t<section class=\"elementor-section elementor-inner-section elementor-element elementor-element-1cfaf681 elementor-section-content-middle elementor-section-boxed elementor-section-height-default elementor-section-height-default\" data-id=\"1cfaf681\" data-element_type=\"section\" data-e-type=\"section\" data-settings=\"{&quot;background_background&quot;:&quot;classic&quot;}\">\n\t\t\t\t\t\t<div class=\"elementor-container elementor-column-gap-default\">\n\t\t\t\t\t<div class=\"elementor-column elementor-col-100 elementor-inner-column elementor-element elementor-element-6d71da68\" data-id=\"6d71da68\" data-element_type=\"column\" data-e-type=\"column\">\n\t\t\t<div class=\"elementor-widget-wrap elementor-element-populated\">\n\t\t\t\t\t\t<div class=\"elementor-element elementor-element-4179100b animated-slow elementor-invisible elementor-widget elementor-widget-webify-text-block-with-button-widget\" data-id=\"4179100b\" data-element_type=\"widget\" data-e-type=\"widget\" data-settings=\"{&quot;_animation&quot;:&quot;fadeIn&quot;}\" data-widget_type=\"webify-text-block-with-button-widget.default\">\n\t\t\t\t<div class=\"elementor-widget-container\">\n\t\t\t\t\t\n        <div class=\"tb-section-heading\">\n          <div class=\"tb-style2\">\n                                      <h2 class=\"tb-f32-lg tb-big-heading tb-f25-sm tb-font-name tb-m0\">Vous avez un projet IT de transformation digitale?<\/h2>\n              <div class=\"empty-space marg-lg-b25\"><\/div>\n                      <\/div>\n                      <div class=\"tb-line1-6 tb-f16-lg tb-description\">Assureur, Mutuelle, Banque, Conseil  <br> Digital Insure est partenaire de votre d\u00e9veloppement\n<\/div>\n            <div class=\"empty-space marg-lg-b35\"><\/div>\n                                <a href=\"\/devenir-partenaire\/\" target=\"_blank\" class=\"tb-btn tb-btn-primary tb-style3 tb-color3\">Contactez-nous<\/a>\n                  <\/div>\n        \t\t\t\t<\/div>\n\t\t\t\t<\/div>\n\t\t\t\t\t<\/div>\n\t\t<\/div>\n\t\t\t\t\t<\/div>\n\t\t<\/section>\n\t\t\t\t<div class=\"elementor-element elementor-element-424cf72c elementor-widget elementor-widget-spacer\" data-id=\"424cf72c\" data-element_type=\"widget\" data-e-type=\"widget\" data-widget_type=\"spacer.default\">\n\t\t\t\t<div class=\"elementor-widget-container\">\n\t\t\t\t\t\t\t<div class=\"elementor-spacer\">\n\t\t\t<div class=\"elementor-spacer-inner\"><\/div>\n\t\t<\/div>\n\t\t\t\t\t\t<\/div>\n\t\t\t\t<\/div>\n\t\t\t\t\t<\/div>\n\t\t<\/div>\n\t\t\t\t\t<\/div>\n\t\t<\/section>\n\t\t\t\t<section class=\"elementor-section elementor-top-section elementor-element elementor-element-6a964226 elementor-section-boxed elementor-section-height-default elementor-section-height-default\" data-id=\"6a964226\" data-element_type=\"section\" data-e-type=\"section\">\n\t\t\t\t\t\t<div class=\"elementor-container elementor-column-gap-default\">\n\t\t\t\t\t<div class=\"elementor-column elementor-col-100 elementor-top-column elementor-element elementor-element-487d3d7b\" data-id=\"487d3d7b\" data-element_type=\"column\" data-e-type=\"column\">\n\t\t\t<div class=\"elementor-widget-wrap elementor-element-populated\">\n\t\t\t\t\t\t<div class=\"elementor-element elementor-element-79d265e6 animated-slow elementor-invisible elementor-widget elementor-widget-webify-section-heading-widget\" data-id=\"79d265e6\" data-element_type=\"widget\" data-e-type=\"widget\" data-settings=\"{&quot;_animation&quot;:&quot;fadeIn&quot;}\" data-widget_type=\"webify-section-heading-widget.default\">\n\t\t\t\t<div class=\"elementor-widget-container\">\n\t\t\t\t\t\n        <div class=\"tb-section-heading tb-style2\"> \n                                <h1 class=\"tb-f32-lg tb-f25-sm tb-big-heading tb-font-name tb-m0\" class=\"tb-f32-lg tb-f25-sm tb-big-heading tb-font-name tb-m0\">Vous avez un projet IT de transformation digitale?<\/h1>\n                  <\/div>\n        \t\t\t\t<\/div>\n\t\t\t\t<\/div>\n\t\t\t\t<div class=\"elementor-element elementor-element-4344b680 elementor-widget elementor-widget-text-editor\" data-id=\"4344b680\" data-element_type=\"widget\" data-e-type=\"widget\" data-widget_type=\"text-editor.default\">\n\t\t\t\t<div class=\"elementor-widget-container\">\n\t\t\t\t\t\t\t\t\t<p><strong>DSI de compa\u00f1\u00edas de seguros, mutuas, grandes redes de distribuci\u00f3n o consultoras, buscan soluciones digitales para que sus clientes, los profesionales del sector seguros, ganen en eficiencia mediante conexiones sencillas y sin una gran inversi\u00f3n en inform\u00e1tica.<\/strong><\/p><p><strong>Digital Insure le ofrece soluciones a medida plug and play, que se conectan a sus sistemas a trav\u00e9s de API y que son totalmente modulables en funci\u00f3n de sus necesidades. Digital Insure no es una SSII: las soluciones siguen asociadas a servicios de corretaje de seguros, con toda la experiencia que ello conlleva. <\/strong><\/p>\t\t\t\t\t\t\t\t<\/div>\n\t\t\t\t<\/div>\n\t\t\t\t\t<\/div>\n\t\t<\/div>\n\t\t\t\t\t<\/div>\n\t\t<\/section>\n\t\t\t\t<section class=\"elementor-section elementor-top-section elementor-element elementor-element-4bd98903 elementor-section-boxed elementor-section-height-default elementor-section-height-default\" data-id=\"4bd98903\" data-element_type=\"section\" data-e-type=\"section\">\n\t\t\t\t\t\t<div class=\"elementor-container elementor-column-gap-default\">\n\t\t\t\t\t<div class=\"elementor-column elementor-col-100 elementor-top-column elementor-element elementor-element-19c1897b\" data-id=\"19c1897b\" data-element_type=\"column\" data-e-type=\"column\">\n\t\t\t<div class=\"elementor-widget-wrap elementor-element-populated\">\n\t\t\t\t\t\t<section class=\"elementor-section elementor-inner-section elementor-element elementor-element-5015e04b elementor-section-boxed elementor-section-height-default elementor-section-height-default\" data-id=\"5015e04b\" data-element_type=\"section\" data-e-type=\"section\" data-settings=\"{&quot;background_background&quot;:&quot;classic&quot;}\">\n\t\t\t\t\t\t<div class=\"elementor-container elementor-column-gap-no\">\n\t\t\t\t\t<div class=\"elementor-column elementor-col-50 elementor-inner-column elementor-element elementor-element-569c6c89\" data-id=\"569c6c89\" data-element_type=\"column\" data-e-type=\"column\">\n\t\t\t<div class=\"elementor-widget-wrap elementor-element-populated\">\n\t\t\t\t\t\t<div class=\"elementor-element elementor-element-6e606b27 elementor-widget elementor-widget-image\" data-id=\"6e606b27\" data-element_type=\"widget\" data-e-type=\"widget\" data-widget_type=\"image.default\">\n\t\t\t\t<div class=\"elementor-widget-container\">\n\t\t\t\t\t\t\t\t\t\t\t\t\t\t\t<img fetchpriority=\"high\" decoding=\"async\" width=\"1024\" height=\"768\" src=\"https:\/\/www.digital-insure.fr\/wp-content\/uploads\/sites\/4\/2020\/05\/adult-blur-boss-business-digital-insure-1.jpg\" class=\"attachment-large size-large wp-image-5210\" alt=\"\u00e0 l&#039;\u00e9coute de vos enjeux avec Digital Insure, votre partenaire digital en assurance emprunteur et pr\u00e9voyance individuelle\" srcset=\"https:\/\/www.digital-insure.fr\/wp-content\/uploads\/sites\/4\/2020\/05\/adult-blur-boss-business-digital-insure-1.jpg 1024w, https:\/\/www.digital-insure.fr\/wp-content\/uploads\/sites\/4\/2020\/05\/adult-blur-boss-business-digital-insure-1-300x225.jpg 300w, https:\/\/www.digital-insure.fr\/wp-content\/uploads\/sites\/4\/2020\/05\/adult-blur-boss-business-digital-insure-1-768x576.jpg 768w\" sizes=\"(max-width: 1024px) 100vw, 1024px\" \/>\t\t\t\t\t\t\t\t\t\t\t\t\t\t\t<\/div>\n\t\t\t\t<\/div>\n\t\t\t\t\t<\/div>\n\t\t<\/div>\n\t\t\t\t<div class=\"elementor-column elementor-col-50 elementor-inner-column elementor-element elementor-element-57e7479b\" data-id=\"57e7479b\" data-element_type=\"column\" data-e-type=\"column\" data-settings=\"{&quot;background_background&quot;:&quot;classic&quot;}\">\n\t\t\t<div class=\"elementor-widget-wrap elementor-element-populated\">\n\t\t\t\t\t\t<div class=\"elementor-element elementor-element-e1cf954 elementor-widget elementor-widget-webify-section-heading-widget\" data-id=\"e1cf954\" data-element_type=\"widget\" data-e-type=\"widget\" data-widget_type=\"webify-section-heading-widget.default\">\n\t\t\t\t<div class=\"elementor-widget-container\">\n\t\t\t\t\t        <div class=\"tb-section-heading\">\n          <h2 class=\"tb-f32-lg tb-f28-sm tb-big-heading tb-font-name tb-mt-5 tb-mb-8 tb-mb-6-sm\" class=\"tb-f32-lg tb-f28-sm tb-big-heading tb-font-name tb-mt-5 tb-mb-8 tb-mb-6-sm\">\u00c9tape 1 : \u00e0 l\u2019\u00e9coute de vos enjeux<\/h2>\n        <\/div>\n      \n      \t\t\t\t<\/div>\n\t\t\t\t<\/div>\n\t\t\t\t<div class=\"elementor-element elementor-element-7c82f66f elementor-widget-divider--view-line elementor-widget elementor-widget-divider\" data-id=\"7c82f66f\" data-element_type=\"widget\" data-e-type=\"widget\" data-widget_type=\"divider.default\">\n\t\t\t\t<div class=\"elementor-widget-container\">\n\t\t\t\t\t\t\t<div class=\"elementor-divider\">\n\t\t\t<span class=\"elementor-divider-separator\">\n\t\t\t\t\t\t<\/span>\n\t\t<\/div>\n\t\t\t\t\t\t<\/div>\n\t\t\t\t<\/div>\n\t\t\t\t<div class=\"elementor-element elementor-element-1ae86457 elementor-widget elementor-widget-text-editor\" data-id=\"1ae86457\" data-element_type=\"widget\" data-e-type=\"widget\" data-widget_type=\"text-editor.default\">\n\t\t\t\t<div class=\"elementor-widget-container\">\n\t\t\t\t\t\t\t\t\t<p>Nos reunimos, ya sea en persona o a distancia, y usted nos explica todos sus retos y problemas t\u00e9cnicos y funcionales.<\/p>\t\t\t\t\t\t\t\t<\/div>\n\t\t\t\t<\/div>\n\t\t\t\t\t<\/div>\n\t\t<\/div>\n\t\t\t\t\t<\/div>\n\t\t<\/section>\n\t\t\t\t\t<\/div>\n\t\t<\/div>\n\t\t\t\t\t<\/div>\n\t\t<\/section>\n\t\t\t\t<section class=\"elementor-section elementor-top-section elementor-element elementor-element-469208b2 elementor-section-boxed elementor-section-height-default elementor-section-height-default\" data-id=\"469208b2\" data-element_type=\"section\" data-e-type=\"section\">\n\t\t\t\t\t\t<div class=\"elementor-container elementor-column-gap-default\">\n\t\t\t\t\t<div class=\"elementor-column elementor-col-100 elementor-top-column elementor-element elementor-element-2c9e1392\" data-id=\"2c9e1392\" data-element_type=\"column\" data-e-type=\"column\">\n\t\t\t<div class=\"elementor-widget-wrap elementor-element-populated\">\n\t\t\t\t\t\t<section class=\"elementor-section elementor-inner-section elementor-element elementor-element-8172fef elementor-section-boxed elementor-section-height-default elementor-section-height-default\" data-id=\"8172fef\" data-element_type=\"section\" data-e-type=\"section\" data-settings=\"{&quot;background_background&quot;:&quot;classic&quot;}\">\n\t\t\t\t\t\t<div class=\"elementor-container elementor-column-gap-no\">\n\t\t\t\t\t<div class=\"elementor-column elementor-col-50 elementor-inner-column elementor-element elementor-element-502136f8\" data-id=\"502136f8\" data-element_type=\"column\" data-e-type=\"column\" data-settings=\"{&quot;background_background&quot;:&quot;classic&quot;}\">\n\t\t\t<div class=\"elementor-widget-wrap elementor-element-populated\">\n\t\t\t\t\t\t<div class=\"elementor-element elementor-element-2251cca elementor-widget elementor-widget-webify-section-heading-widget\" data-id=\"2251cca\" data-element_type=\"widget\" data-e-type=\"widget\" data-widget_type=\"webify-section-heading-widget.default\">\n\t\t\t\t<div class=\"elementor-widget-container\">\n\t\t\t\t\t        <div class=\"tb-section-heading\">\n          <h2 class=\"tb-f32-lg tb-f28-sm tb-big-heading tb-font-name tb-mt-5 tb-mb-8 tb-mb-6-sm\" class=\"tb-f32-lg tb-f28-sm tb-big-heading tb-font-name tb-mt-5 tb-mb-8 tb-mb-6-sm\">\u00c9tape 2 : design de votre solution<\/h2>\n        <\/div>\n      \n      \t\t\t\t<\/div>\n\t\t\t\t<\/div>\n\t\t\t\t<div class=\"elementor-element elementor-element-50c2cefb elementor-widget-divider--view-line elementor-widget elementor-widget-divider\" data-id=\"50c2cefb\" data-element_type=\"widget\" data-e-type=\"widget\" data-widget_type=\"divider.default\">\n\t\t\t\t<div class=\"elementor-widget-container\">\n\t\t\t\t\t\t\t<div class=\"elementor-divider\">\n\t\t\t<span class=\"elementor-divider-separator\">\n\t\t\t\t\t\t<\/span>\n\t\t<\/div>\n\t\t\t\t\t\t<\/div>\n\t\t\t\t<\/div>\n\t\t\t\t<div class=\"elementor-element elementor-element-80d7d20 elementor-widget elementor-widget-text-editor\" data-id=\"80d7d20\" data-element_type=\"widget\" data-e-type=\"widget\" data-widget_type=\"text-editor.default\">\n\t\t\t\t<div class=\"elementor-widget-container\">\n\t\t\t\t\t\t\t\t\t<p>En funci\u00f3n de su contexto y de nuestra comprensi\u00f3n, le proponemos posibles escenarios a medida que combinan la experiencia en productos, el recorrido digital y la conexi\u00f3n a trav\u00e9s de API.<\/p>\t\t\t\t\t\t\t\t<\/div>\n\t\t\t\t<\/div>\n\t\t\t\t\t<\/div>\n\t\t<\/div>\n\t\t\t\t<div class=\"elementor-column elementor-col-50 elementor-inner-column elementor-element elementor-element-51c9655f\" data-id=\"51c9655f\" data-element_type=\"column\" data-e-type=\"column\">\n\t\t\t<div class=\"elementor-widget-wrap elementor-element-populated\">\n\t\t\t\t\t\t<div class=\"elementor-element elementor-element-44fefcfb elementor-widget elementor-widget-image\" data-id=\"44fefcfb\" data-element_type=\"widget\" data-e-type=\"widget\" data-widget_type=\"image.default\">\n\t\t\t\t<div class=\"elementor-widget-container\">\n\t\t\t\t\t\t\t\t\t\t\t\t\t\t\t<img decoding=\"async\" width=\"1024\" height=\"487\" src=\"https:\/\/www.digital-insure.fr\/wp-content\/uploads\/sites\/4\/2020\/05\/photo-of-person-writing-on-paper-digital-insure-1.jpg\" class=\"attachment-large size-large wp-image-5195\" alt=\"Design de votre solution avec Digital Insure, votre partenaire digital en assurance emprunteur et pr\u00e9voyance individuelle\" srcset=\"https:\/\/www.digital-insure.fr\/wp-content\/uploads\/sites\/4\/2020\/05\/photo-of-person-writing-on-paper-digital-insure-1.jpg 1024w, https:\/\/www.digital-insure.fr\/wp-content\/uploads\/sites\/4\/2020\/05\/photo-of-person-writing-on-paper-digital-insure-1-300x143.jpg 300w, https:\/\/www.digital-insure.fr\/wp-content\/uploads\/sites\/4\/2020\/05\/photo-of-person-writing-on-paper-digital-insure-1-768x365.jpg 768w\" sizes=\"(max-width: 1024px) 100vw, 1024px\" \/>\t\t\t\t\t\t\t\t\t\t\t\t\t\t\t<\/div>\n\t\t\t\t<\/div>\n\t\t\t\t\t<\/div>\n\t\t<\/div>\n\t\t\t\t\t<\/div>\n\t\t<\/section>\n\t\t\t\t\t<\/div>\n\t\t<\/div>\n\t\t\t\t\t<\/div>\n\t\t<\/section>\n\t\t\t\t<section class=\"elementor-section elementor-top-section elementor-element elementor-element-63cf2f94 elementor-section-boxed elementor-section-height-default elementor-section-height-default\" data-id=\"63cf2f94\" data-element_type=\"section\" data-e-type=\"section\">\n\t\t\t\t\t\t<div class=\"elementor-container elementor-column-gap-default\">\n\t\t\t\t\t<div class=\"elementor-column elementor-col-100 elementor-top-column elementor-element elementor-element-6efba0f4\" data-id=\"6efba0f4\" data-element_type=\"column\" data-e-type=\"column\">\n\t\t\t<div class=\"elementor-widget-wrap elementor-element-populated\">\n\t\t\t\t\t\t<section class=\"elementor-section elementor-inner-section elementor-element elementor-element-14b66aaa elementor-section-boxed elementor-section-height-default elementor-section-height-default\" data-id=\"14b66aaa\" data-element_type=\"section\" data-e-type=\"section\" data-settings=\"{&quot;background_background&quot;:&quot;classic&quot;}\">\n\t\t\t\t\t\t<div class=\"elementor-container elementor-column-gap-no\">\n\t\t\t\t\t<div class=\"elementor-column elementor-col-50 elementor-inner-column elementor-element elementor-element-5dda7900\" data-id=\"5dda7900\" data-element_type=\"column\" data-e-type=\"column\">\n\t\t\t<div class=\"elementor-widget-wrap elementor-element-populated\">\n\t\t\t\t\t\t<div class=\"elementor-element elementor-element-b9b2c0c elementor-widget elementor-widget-image\" data-id=\"b9b2c0c\" data-element_type=\"widget\" data-e-type=\"widget\" data-widget_type=\"image.default\">\n\t\t\t\t<div class=\"elementor-widget-container\">\n\t\t\t\t\t\t\t\t\t\t\t\t\t\t\t<img decoding=\"async\" width=\"1024\" height=\"681\" src=\"https:\/\/www.digital-insure.fr\/wp-content\/uploads\/sites\/4\/2020\/05\/mediensturmer-digital-insure-1.jpg\" class=\"attachment-large size-large wp-image-5189\" alt=\"Digital Insure est votre partenaire digital pour vos projets de reprise de portefeuille en assurance emprunteur et pr\u00e9voyance individuelle\" srcset=\"https:\/\/www.digital-insure.fr\/wp-content\/uploads\/sites\/4\/2020\/05\/mediensturmer-digital-insure-1.jpg 1024w, https:\/\/www.digital-insure.fr\/wp-content\/uploads\/sites\/4\/2020\/05\/mediensturmer-digital-insure-1-300x200.jpg 300w, https:\/\/www.digital-insure.fr\/wp-content\/uploads\/sites\/4\/2020\/05\/mediensturmer-digital-insure-1-768x511.jpg 768w, https:\/\/www.digital-insure.fr\/wp-content\/uploads\/sites\/4\/2020\/05\/mediensturmer-digital-insure-1-728x485.jpg 728w\" sizes=\"(max-width: 1024px) 100vw, 1024px\" \/>\t\t\t\t\t\t\t\t\t\t\t\t\t\t\t<\/div>\n\t\t\t\t<\/div>\n\t\t\t\t\t<\/div>\n\t\t<\/div>\n\t\t\t\t<div class=\"elementor-column elementor-col-50 elementor-inner-column elementor-element elementor-element-5ce8258c\" data-id=\"5ce8258c\" data-element_type=\"column\" data-e-type=\"column\" data-settings=\"{&quot;background_background&quot;:&quot;classic&quot;}\">\n\t\t\t<div class=\"elementor-widget-wrap elementor-element-populated\">\n\t\t\t\t\t\t<div class=\"elementor-element elementor-element-cdbeeac elementor-widget elementor-widget-webify-section-heading-widget\" data-id=\"cdbeeac\" data-element_type=\"widget\" data-e-type=\"widget\" data-widget_type=\"webify-section-heading-widget.default\">\n\t\t\t\t<div class=\"elementor-widget-container\">\n\t\t\t\t\t        <div class=\"tb-section-heading\">\n          <h2 class=\"tb-f32-lg tb-f28-sm tb-big-heading tb-font-name tb-mt-5 tb-mb-8 tb-mb-6-sm\" class=\"tb-f32-lg tb-f28-sm tb-big-heading tb-font-name tb-mt-5 tb-mb-8 tb-mb-6-sm\">\u00c9tape 3 : accompagnement \u00e0 la mise en oeuvre<\/h2>\n        <\/div>\n      \n      \t\t\t\t<\/div>\n\t\t\t\t<\/div>\n\t\t\t\t<div class=\"elementor-element elementor-element-406639da elementor-widget-divider--view-line elementor-widget elementor-widget-divider\" data-id=\"406639da\" data-element_type=\"widget\" data-e-type=\"widget\" data-widget_type=\"divider.default\">\n\t\t\t\t<div class=\"elementor-widget-container\">\n\t\t\t\t\t\t\t<div class=\"elementor-divider\">\n\t\t\t<span class=\"elementor-divider-separator\">\n\t\t\t\t\t\t<\/span>\n\t\t<\/div>\n\t\t\t\t\t\t<\/div>\n\t\t\t\t<\/div>\n\t\t\t\t<div class=\"elementor-element elementor-element-744a00ce elementor-widget elementor-widget-text-editor\" data-id=\"744a00ce\" data-element_type=\"widget\" data-e-type=\"widget\" data-widget_type=\"text-editor.default\">\n\t\t\t\t<div class=\"elementor-widget-container\">\n\t\t\t\t\t\t\t\t\t<p>Las soluciones propuestas por Digital Insure se realizan en lenguajes abiertos que permiten una r\u00e1pida autonom\u00eda en su integraci\u00f3n. No obstante, Digital Insure puede acompa\u00f1ar a sus equipos en la integraci\u00f3n de las soluciones y su validaci\u00f3n funcional. <\/p>\t\t\t\t\t\t\t\t<\/div>\n\t\t\t\t<\/div>\n\t\t\t\t\t<\/div>\n\t\t<\/div>\n\t\t\t\t\t<\/div>\n\t\t<\/section>\n\t\t\t\t\t<\/div>\n\t\t<\/div>\n\t\t\t\t\t<\/div>\n\t\t<\/section>\n\t\t\t\t<section class=\"elementor-section elementor-top-section elementor-element elementor-element-f0fd3d2 elementor-section-stretched elementor-section-content-middle elementor-section-boxed elementor-section-height-default elementor-section-height-default\" data-id=\"f0fd3d2\" data-element_type=\"section\" data-e-type=\"section\" data-settings=\"{&quot;stretch_section&quot;:&quot;section-stretched&quot;,&quot;background_background&quot;:&quot;classic&quot;}\">\n\t\t\t\t\t\t\t<div class=\"elementor-background-overlay\"><\/div>\n\t\t\t\t\t\t\t<div class=\"elementor-container elementor-column-gap-default\">\n\t\t\t\t\t<div class=\"elementor-column elementor-col-100 elementor-top-column elementor-element elementor-element-7cb2bdd\" data-id=\"7cb2bdd\" data-element_type=\"column\" data-e-type=\"column\">\n\t\t\t<div class=\"elementor-widget-wrap elementor-element-populated\">\n\t\t\t\t\t\t<div class=\"elementor-element elementor-element-574a2db elementor-widget elementor-widget-spacer\" data-id=\"574a2db\" data-element_type=\"widget\" data-e-type=\"widget\" data-widget_type=\"spacer.default\">\n\t\t\t\t<div class=\"elementor-widget-container\">\n\t\t\t\t\t\t\t<div class=\"elementor-spacer\">\n\t\t\t<div class=\"elementor-spacer-inner\"><\/div>\n\t\t<\/div>\n\t\t\t\t\t\t<\/div>\n\t\t\t\t<\/div>\n\t\t\t\t<section class=\"elementor-section elementor-inner-section elementor-element elementor-element-371eac3 elementor-section-content-middle elementor-section-boxed elementor-section-height-default elementor-section-height-default\" data-id=\"371eac3\" data-element_type=\"section\" data-e-type=\"section\">\n\t\t\t\t\t\t<div class=\"elementor-container elementor-column-gap-default\">\n\t\t\t\t\t<div class=\"elementor-column elementor-col-100 elementor-inner-column elementor-element elementor-element-1deaccf\" data-id=\"1deaccf\" data-element_type=\"column\" data-e-type=\"column\">\n\t\t\t<div class=\"elementor-widget-wrap elementor-element-populated\">\n\t\t\t\t\t\t<div class=\"elementor-element elementor-element-b056973 elementor-widget elementor-widget-webify-text-block-with-button-widget\" data-id=\"b056973\" data-element_type=\"widget\" data-e-type=\"widget\" data-widget_type=\"webify-text-block-with-button-widget.default\">\n\t\t\t\t<div class=\"elementor-widget-container\">\n\t\t\t\t\t\n        <div class=\"tb-section-heading\">\n          <div class=\"tb-style2\">\n                          <div class=\"tb-f16-lg tb-small-heading tb-mt-4\">CONTACT<\/div>\n              <div class=\"empty-space marg-lg-b10\"><\/div>\n                                      <h2 class=\"tb-f32-lg tb-big-heading tb-f25-sm tb-font-name tb-m0\">Vous aussi, rejoignez la nouvelle g\u00e9n\u00e9ration de l'assurance<\/h2>\n              <div class=\"empty-space marg-lg-b25\"><\/div>\n                      <\/div>\n                      <div class=\"tb-line1-6 tb-f16-lg tb-description\">Et gardez une longueur d'avance par rapport \u00e0 vos concurrents!<\/div>\n            <div class=\"empty-space marg-lg-b35\"><\/div>\n                                <a href=\"\/devenir-partenaire\/\" target=\"_blank\" class=\"tb-btn tb-btn-primary tb-style3 tb-color3\">Demandez un rendez-vous<\/a>\n                  <\/div>\n        \t\t\t\t<\/div>\n\t\t\t\t<\/div>\n\t\t\t\t\t<\/div>\n\t\t<\/div>\n\t\t\t\t\t<\/div>\n\t\t<\/section>\n\t\t\t\t<div class=\"elementor-element elementor-element-29754f0 elementor-widget elementor-widget-spacer\" data-id=\"29754f0\" data-element_type=\"widget\" data-e-type=\"widget\" data-widget_type=\"spacer.default\">\n\t\t\t\t<div class=\"elementor-widget-container\">\n\t\t\t\t\t\t\t<div class=\"elementor-spacer\">\n\t\t\t<div class=\"elementor-spacer-inner\"><\/div>\n\t\t<\/div>\n\t\t\t\t\t\t<\/div>\n\t\t\t\t<\/div>\n\t\t\t\t\t<\/div>\n\t\t<\/div>\n\t\t\t\t\t<\/div>\n\t\t<\/section>\n\t\t\t\t<\/div>\n\t\t","protected":false},"excerpt":{"rendered":"<p>Vous avez un projet IT de transformation digitale? Assureur, Mutuelle, Banque, Conseil Digital Insure est partenaire de votre d\u00e9veloppement Contactez-nous Vous avez un projet IT de transformation digitale? DSI de compa\u00f1\u00edas de seguros, mutuas, grandes redes de distribuci\u00f3n o consultoras, buscan soluciones digitales para que sus clientes, los profesionales del sector seguros, ganen en eficiencia [&hellip;]<\/p>\n","protected":false},"author":11,"featured_media":0,"parent":0,"menu_order":0,"comment_status":"closed","ping_status":"closed","template":"","meta":{"footnotes":""},"class_list":["post-39067","page","type-page","status-publish","hentry"],"_links":{"self":[{"href":"https:\/\/www.digital-insure.fr\/es\/wp-json\/wp\/v2\/pages\/39067","targetHints":{"allow":["GET"]}}],"collection":[{"href":"https:\/\/www.digital-insure.fr\/es\/wp-json\/wp\/v2\/pages"}],"about":[{"href":"https:\/\/www.digital-insure.fr\/es\/wp-json\/wp\/v2\/types\/page"}],"author":[{"embeddable":true,"href":"https:\/\/www.digital-insure.fr\/es\/wp-json\/wp\/v2\/users\/11"}],"replies":[{"embeddable":true,"href":"https:\/\/www.digital-insure.fr\/es\/wp-json\/wp\/v2\/comments?post=39067"}],"version-history":[{"count":1,"href":"https:\/\/www.digital-insure.fr\/es\/wp-json\/wp\/v2\/pages\/39067\/revisions"}],"predecessor-version":[{"id":39069,"href":"https:\/\/www.digital-insure.fr\/es\/wp-json\/wp\/v2\/pages\/39067\/revisions\/39069"}],"wp:attachment":[{"href":"https:\/\/www.digital-insure.fr\/es\/wp-json\/wp\/v2\/media?parent=39067"}],"curies":[{"name":"wp","href":"https:\/\/api.w.org\/{rel}","templated":true}]}}