{"id":39093,"date":"2023-05-26T13:40:09","date_gmt":"2023-05-26T11:40:09","guid":{"rendered":"https:\/\/www.digital-insure.fr\/contract-termination\/"},"modified":"2025-10-21T15:01:50","modified_gmt":"2025-10-21T13:01:50","slug":"contract-termination","status":"publish","type":"page","link":"https:\/\/www.digital-insure.fr\/en\/contract-termination\/","title":{"rendered":"Contract Termination"},"content":{"rendered":"\t\t<div data-elementor-type=\"wp-page\" data-elementor-id=\"39093\" class=\"elementor elementor-39093 elementor-33480\" data-elementor-post-type=\"page\">\n\t\t\t\t\t\t<section class=\"elementor-section elementor-top-section elementor-element elementor-element-3bf7d69e elementor-section-stretched elementor-section-content-middle elementor-section-boxed elementor-section-height-default elementor-section-height-default\" data-id=\"3bf7d69e\" data-element_type=\"section\" data-e-type=\"section\" data-settings=\"{&quot;stretch_section&quot;:&quot;section-stretched&quot;,&quot;background_background&quot;:&quot;classic&quot;}\">\n\t\t\t\t\t\t\t<div class=\"elementor-background-overlay\"><\/div>\n\t\t\t\t\t\t\t<div class=\"elementor-container elementor-column-gap-default\">\n\t\t\t\t\t<div class=\"elementor-column elementor-col-100 elementor-top-column elementor-element elementor-element-6dbc0bdb\" data-id=\"6dbc0bdb\" data-element_type=\"column\" data-e-type=\"column\">\n\t\t\t<div class=\"elementor-widget-wrap elementor-element-populated\">\n\t\t\t\t\t\t<div class=\"elementor-element elementor-element-3a7e9a8d elementor-widget elementor-widget-spacer\" data-id=\"3a7e9a8d\" data-element_type=\"widget\" data-e-type=\"widget\" data-widget_type=\"spacer.default\">\n\t\t\t\t<div class=\"elementor-widget-container\">\n\t\t\t\t\t\t\t<div class=\"elementor-spacer\">\n\t\t\t<div class=\"elementor-spacer-inner\"><\/div>\n\t\t<\/div>\n\t\t\t\t\t\t<\/div>\n\t\t\t\t<\/div>\n\t\t\t\t<section class=\"elementor-section elementor-inner-section elementor-element elementor-element-5dbdf8de elementor-section-boxed elementor-section-height-default elementor-section-height-default\" data-id=\"5dbdf8de\" data-element_type=\"section\" data-e-type=\"section\">\n\t\t\t\t\t\t<div class=\"elementor-container elementor-column-gap-default\">\n\t\t\t\t\t<div class=\"elementor-column elementor-col-50 elementor-inner-column elementor-element elementor-element-641414c9\" data-id=\"641414c9\" data-element_type=\"column\" data-e-type=\"column\">\n\t\t\t<div class=\"elementor-widget-wrap elementor-element-populated\">\n\t\t\t\t\t\t<div class=\"elementor-element elementor-element-6dcfbcfd elementor-widget elementor-widget-webify-section-heading-widget\" data-id=\"6dcfbcfd\" data-element_type=\"widget\" data-e-type=\"widget\" data-widget_type=\"webify-section-heading-widget.default\">\n\t\t\t\t<div class=\"elementor-widget-container\">\n\t\t\t\t\t        <div class=\"tb-section-heading tb-style2\">\n                      <div none=\"\" class=\"tb-f11-lg tb-mt-4 tb-small-heading tb-mb-5 tb-line1-6 tb-spacing2 tb-grayb5b5b5-c text-uppercase\" class=\"tb-f11-lg tb-mt-4 tb-small-heading tb-mb-5 tb-line1-6 tb-spacing2 tb-grayb5b5b5-c text-uppercase\">R\u00e9silier mon contrat en trois clics<\/div>\n            <div class=\"empty-space marg-lg-b20\"><\/div>\n                                <h1 class=\"tb-f32-lg tb-f28-sm tb-big-heading tb-font-name tb-mt-6 tb-mb-9 tb-mt-4-sm tb-mb-7-sm\" class=\"tb-f32-lg tb-f28-sm tb-big-heading tb-font-name tb-mt-6 tb-mb-9 tb-mt-4-sm tb-mb-7-sm\">Je souhaite r\u00e9silier mon contrat<\/h1>\n                  <\/div>\n        \t\t\t\t<\/div>\n\t\t\t\t<\/div>\n\t\t\t\t<div class=\"elementor-element elementor-element-2954ff41 elementor-widget elementor-widget-webify-section-heading-widget\" data-id=\"2954ff41\" data-element_type=\"widget\" data-e-type=\"widget\" data-widget_type=\"webify-section-heading-widget.default\">\n\t\t\t\t<div class=\"elementor-widget-container\">\n\t\t\t\t\t        <div class=\"tb-section-heading\">\n          <h2 class=\"tb-f32-lg tb-f28-sm tb-big-heading tb-font-name tb-mt-5 tb-mb-8 tb-mb-6-sm\" class=\"tb-f32-lg tb-f28-sm tb-big-heading tb-font-name tb-mt-5 tb-mb-8 tb-mb-6-sm\">La loi du 16 ao\u00fbt 2022 dite \u00ab Loi sur le pouvoir d\u2019achat \u00bb permet au consommateur de r\u00e9silier un contrat par \u00ab voie \u00e9lectronique \u00bb que ce soit un contrat de t\u00e9l\u00e9phonie, d\u2019internet ou d\u2019assurance.  <br><br>Chacune des rubriques du formulaire devra \u00eatre compl\u00e9t\u00e9e et une page r\u00e9capitulative de votre demande de r\u00e9siliation vous sera ensuite pr\u00e9sent\u00e9e afin que vous puissiez v\u00e9rifier et modifier, le cas \u00e9ch\u00e9ant, les informations fournies.  <br><br>Apr\u00e8s avoir adress\u00e9 votre formulaire de r\u00e9siliation, les \u00e9quipes de Digital Insure vous confirmeront par mail sa r\u00e9ception et vous informeront ensuite de la date \u00e0 laquelle votre adh\u00e9sion prendra fin et des effets de la r\u00e9siliation sur votre adh\u00e9sion.<\/h2>\n        <\/div>\n      \n      \t\t\t\t<\/div>\n\t\t\t\t<\/div>\n\t\t\t\t\t<\/div>\n\t\t<\/div>\n\t\t\t\t<div class=\"elementor-column elementor-col-50 elementor-inner-column elementor-element elementor-element-f083a5c\" data-id=\"f083a5c\" data-element_type=\"column\" data-e-type=\"column\" data-settings=\"{&quot;background_background&quot;:&quot;classic&quot;}\">\n\t\t\t<div class=\"elementor-widget-wrap elementor-element-populated\">\n\t\t\t\t\t\t<div class=\"elementor-element elementor-element-5f666967 elementor-widget elementor-widget-webify-contact-form-7-widget\" data-id=\"5f666967\" data-element_type=\"widget\" data-e-type=\"widget\" data-widget_type=\"webify-contact-form-7-widget.default\">\n\t\t\t\t<div class=\"elementor-widget-container\">\n\t\t\t\t\t\n    <div class=\"tb-contact-form-wrapper\">\n\n    \n<div class=\"wpcf7 no-js\" id=\"wpcf7-f39315-o1\" lang=\"en-US\" dir=\"ltr\" data-wpcf7-id=\"39315\">\n<div class=\"screen-reader-response\"><p role=\"status\" aria-live=\"polite\" aria-atomic=\"true\"><\/p> <ul><\/ul><\/div>\n<form action=\"\/en\/wp-json\/wp\/v2\/pages\/39093#wpcf7-f39315-o1\" method=\"post\" class=\"wpcf7-form init wpcf7-acceptance-as-validation\" aria-label=\"Contact form\" enctype=\"multipart\/form-data\" novalidate=\"novalidate\" data-status=\"init\">\n<fieldset class=\"hidden-fields-container\"><input type=\"hidden\" name=\"_wpcf7\" value=\"39315\" \/><input type=\"hidden\" name=\"_wpcf7_version\" value=\"6.1.5\" \/><input type=\"hidden\" name=\"_wpcf7_locale\" value=\"en_US\" \/><input type=\"hidden\" name=\"_wpcf7_unit_tag\" value=\"wpcf7-f39315-o1\" \/><input type=\"hidden\" name=\"_wpcf7_container_post\" value=\"0\" \/><input type=\"hidden\" name=\"_wpcf7_posted_data_hash\" value=\"\" \/><input type=\"hidden\" name=\"_wpcf7cf_hidden_group_fields\" value=\"[]\" \/><input type=\"hidden\" name=\"_wpcf7cf_hidden_groups\" value=\"[]\" \/><input type=\"hidden\" name=\"_wpcf7cf_visible_groups\" value=\"[]\" \/><input type=\"hidden\" name=\"_wpcf7cf_repeaters\" value=\"[]\" \/><input type=\"hidden\" name=\"_wpcf7cf_steps\" value=\"{}\" \/><input type=\"hidden\" name=\"_wpcf7cf_options\" value=\"{&quot;form_id&quot;:39315,&quot;conditions&quot;:[],&quot;settings&quot;:{&quot;animation&quot;:&quot;yes&quot;,&quot;animation_intime&quot;:200,&quot;animation_outtime&quot;:200,&quot;conditions_ui&quot;:&quot;normal&quot;,&quot;notice_dismissed&quot;:false,&quot;regex_numeric&quot;:&quot;^[0-9]+$&quot;,&quot;regex_alphabetic&quot;:&quot;^[a-zA-Z]+$&quot;,&quot;regex_alphanumeric&quot;:&quot;^[a-zA-Z0-9]+$&quot;,&quot;regex_date&quot;:&quot;^(0?[1-9]|1[012])[- .](0?[1-9]|[12][0-9]|3[01])[- \\\/.](19|20)?[0-9]{2}$&quot;,&quot;regex_email&quot;:&quot;^[a-zA-Z0-9._%-]+@[a-zA-Z0-9.-]+.[a-zA-Z]{2,4}$&quot;,&quot;regex_numeric_label&quot;:&quot;numeric&quot;,&quot;regex_alphabetic_label&quot;:&quot;alphabetic&quot;,&quot;regex_alphanumeric_label&quot;:&quot;alphanumeric&quot;,&quot;regex_date_label&quot;:&quot;date&quot;,&quot;regex_email_label&quot;:&quot;email&quot;,&quot;regex_custom_1&quot;:&quot;&quot;,&quot;regex_custom_2&quot;:&quot;&quot;,&quot;regex_custom_3&quot;:&quot;&quot;,&quot;regex_custom_4&quot;:&quot;&quot;,&quot;regex_custom_5&quot;:&quot;&quot;,&quot;regex_custom_1_label&quot;:&quot;custom 1&quot;,&quot;regex_custom_2_label&quot;:&quot;custom 2&quot;,&quot;regex_custom_3_label&quot;:&quot;custom 3&quot;,&quot;regex_custom_4_label&quot;:&quot;custom 4&quot;,&quot;regex_custom_5_label&quot;:&quot;custom 5&quot;,&quot;notice_dismissed_rollback-cf7-5.7.6&quot;:true}}\" \/>\n<\/fieldset>\n<div class=\"wpcf7cf_multistep\">\n\t<div class=\"wpcf7cf_steps-dots\">\n\t<\/div>\n\t<div class=\"wpcf7cf_steps\">\n\t\t<div class=\"wpcf7cf_step\" data-title=\"Termination\" data-id=\"step-1\" >\n\t\t\t<div class=\"wpcf7cf_step_inner\">\n\t\t\t\t<div class=\"step-title\">\n\t\t\t\t\t<p>Termination\n\t\t\t\t\t<\/p>\n\t\t\t\t<\/div>\n\t\t\t\t<p><label> Your Name (required)<br \/>\n<span class=\"wpcf7-form-control-wrap\" data-name=\"votre-nom\"><input size=\"40\" maxlength=\"400\" class=\"wpcf7-form-control wpcf7-text wpcf7-validates-as-required\" aria-required=\"true\" aria-invalid=\"false\" placeholder=\"Name*\" value=\"\" type=\"text\" name=\"votre-nom\" \/><\/span><\/label>\n\t\t\t\t<\/p>\n\t\t\t\t<p><label> Your First Name (required)<br \/>\n<span class=\"wpcf7-form-control-wrap\" data-name=\"votre-prenom\"><input size=\"40\" maxlength=\"400\" class=\"wpcf7-form-control wpcf7-text wpcf7-validates-as-required\" aria-required=\"true\" aria-invalid=\"false\" placeholder=\"First Name*\" value=\"\" type=\"text\" name=\"votre-prenom\" \/><\/span><\/label>\n\t\t\t\t<\/p>\n\t\t\t\t<p><label> Company Name<br \/>\n<span class=\"wpcf7-form-control-wrap\" data-name=\"denomination-sociale\"><input size=\"40\" maxlength=\"400\" class=\"wpcf7-form-control wpcf7-text\" aria-invalid=\"false\" placeholder=\"Company Name\" value=\"\" type=\"text\" name=\"denomination-sociale\" \/><\/span><\/label>\n\t\t\t\t<\/p>\n\t\t\t\t<p><label> Date of Birth (required)<br \/>\n<span class=\"wpcf7-form-control-wrap\" data-name=\"naissance\"><input class=\"wpcf7-form-control wpcf7-date wpcf7-validates-as-required wpcf7-validates-as-date\" aria-required=\"true\" aria-invalid=\"false\" placeholder=\"Date of Birth\" value=\"\" type=\"date\" name=\"naissance\" \/><\/span><\/label>\n\t\t\t\t<\/p>\n\t\t\t\t<p><label> Your Email (required)<br \/>\n<span class=\"wpcf7-form-control-wrap\" data-name=\"votre-email\"><input size=\"40\" maxlength=\"400\" class=\"wpcf7-form-control wpcf7-email wpcf7-validates-as-required wpcf7-text wpcf7-validates-as-email\" aria-required=\"true\" aria-invalid=\"false\" placeholder=\"Email*\" value=\"\" type=\"email\" name=\"votre-email\" \/><\/span><\/label>\n\t\t\t\t<\/p>\n\t\t\t\t<p><label> Phone (required)<br \/>\n<span class=\"wpcf7-form-control-wrap\" data-name=\"numero-de-telephone\"><input size=\"40\" maxlength=\"400\" class=\"wpcf7-form-control wpcf7-tel wpcf7-validates-as-required wpcf7-text wpcf7-validates-as-tel\" aria-required=\"true\" aria-invalid=\"false\" placeholder=\"Tel*\" value=\"\" type=\"tel\" name=\"numero-de-telephone\" \/><\/span><\/label>\n\t\t\t\t<\/p>\n\t\t\t\t<p><label> Contract No.<br \/>\n<span class=\"wpcf7-form-control-wrap\" data-name=\"numero-contrat\"><input size=\"40\" maxlength=\"400\" class=\"wpcf7-form-control wpcf7-text wpcf7-validates-as-required\" aria-required=\"true\" aria-invalid=\"false\" placeholder=\"Contract No.\" value=\"\" type=\"text\" name=\"numero-contrat\" \/><\/span><\/label>\n\t\t\t\t<\/p>\n\t\t\t\t<p><label> Contract Type<br \/>\n<span class=\"wpcf7-form-control-wrap\" data-name=\"contrat\"><span class=\"wpcf7-form-control wpcf7-radio\"><span class=\"wpcf7-list-item first\"><label><input type=\"radio\" name=\"contrat\" value=\"Borrower Insurance\" checked=\"checked\" \/><span class=\"wpcf7-list-item-label\">Borrower Insurance<\/span><\/label><\/span><span class=\"wpcf7-list-item last\"><label><input type=\"radio\" name=\"contrat\" value=\"Individual Protection Insurance\" \/><span class=\"wpcf7-list-item-label\">Individual Protection Insurance<\/span><\/label><\/span><\/span><\/span><\/label>\n\t\t\t\t<\/p>\n\t\t\t\t<div data-id=\"champs-ae\" data-orig_data_id=\"champs-ae\" data-clear_on_hide data-class=\"wpcf7cf_group\">\n\t\t\t\t\t<p><label> Reason for Termination<br \/>\n<span class=\"wpcf7-form-control-wrap\" data-name=\"motif-ae\"><span class=\"wpcf7-form-control wpcf7-radio\"><span class=\"wpcf7-list-item first\"><label><input type=\"radio\" name=\"motif-ae\" value=\"Early Loan Repayment\" checked=\"checked\" \/><span class=\"wpcf7-list-item-label\">Early Loan Repayment<\/span><\/label><\/span><span class=\"wpcf7-list-item last\"><label><input type=\"radio\" name=\"motif-ae\" value=\"I wish to terminate my current contract for a competing offer\" \/><span class=\"wpcf7-list-item-label\">I wish to terminate my current contract for a competing offer<\/span><\/label><\/span><\/span><\/span><\/label>\n\t\t\t\t\t<\/p>\n\t\t\t\t\t<div data-id=\"motivation-anticipe\" data-orig_data_id=\"motivation-anticipe\"  data-class=\"wpcf7cf_group\">\n\t\t\t\t\t\t<p><i>Please attach the certificate of full repayment issued by the lending institution via registered mail. The termination will take effect on the loan repayment date. Any overpaid contributions will be refunded to you. <\/i>\n\t\t\t\t\t\t<\/p>\n\t\t\t\t\t<\/div>\n\t\t\t\t\t<div data-id=\"motivation-concurrente\" data-orig_data_id=\"motivation-concurrente\"  data-class=\"wpcf7cf_group\">\n\t\t\t\t\t\t<p><i>Current regulations allow you to request the termination of your contracts at any time. How to proceed?<\/i><br \/>\nIf you have the amendment to the Bank's loan offer, please attach it to this request. After review with the insurer, we will contact you if additional information is required.\n\t\t\t\t\t\t<\/p>\n\t\t\t\t\t\t<p>When will my termination take effect?\n\t\t\t\t\t\t<\/p>\n\t\t\t\t\t\t<ul>\n\t\t\t\t\t\t\t<li>\n\t\t\t\t\t\t\t\t<p><i>If the effective date indicated on the lender's decision is prior to the date this decision is received by our services, then the termination will take effect after a 10-day period.<\/i>\n\t\t\t\t\t\t\t\t<\/p>\n\t\t\t\t\t\t\t<\/li>\n\t\t\t\t\t\t\t<li>\n\t\t\t\t\t\t\t\t<p><i>If the effective date indicated on the lender's decision is subsequent to the date this decision is received by our services, then the termination will take effect on the indicated effective date.<\/i>\n\t\t\t\t\t\t\t\t<\/p>\n\t\t\t\t\t\t\t<\/li>\n\t\t\t\t\t\t<\/ul>\n\t\t\t\t\t<\/div>\n\t\t\t\t\t<p><label> Termination Date (required)<br \/>\n<span class=\"wpcf7-form-control-wrap\" data-name=\"resiliation-ae\"><input class=\"wpcf7-form-control wpcf7-date wpcf7-validates-as-required wpcf7-validates-as-date\" min=\"2026-04-23\" aria-required=\"true\" aria-invalid=\"false\" placeholder=\"Termination Date\" value=\"\" type=\"date\" name=\"resiliation-ae\" \/><\/span><\/label>\n\t\t\t\t\t<\/p>\n\t\t\t\t<\/div>\n\t\t\t\t<div data-id=\"champs-pi\" data-orig_data_id=\"champs-pi\" data-clear_on_hide data-class=\"wpcf7cf_group\">\n\t\t\t\t\t<p><label> Reason for Termination<br \/>\n<span class=\"wpcf7-form-control-wrap\" data-name=\"motif-pi\"><span class=\"wpcf7-form-control wpcf7-radio\"><span class=\"wpcf7-list-item first\"><label><input type=\"radio\" name=\"motif-pi\" value=\"Termination at Expiry\" checked=\"checked\" \/><span class=\"wpcf7-list-item-label\">Termination at Expiry<\/span><\/label><\/span><span class=\"wpcf7-list-item\"><label><input type=\"radio\" name=\"motif-pi\" value=\"Termination due to Rate Increase\" \/><span class=\"wpcf7-list-item-label\">Termination due to Rate Increase<\/span><\/label><\/span><span class=\"wpcf7-list-item\"><label><input type=\"radio\" name=\"motif-pi\" value=\"Termination due to Change of Profession, Retirement, or Permanent Cessation of Activity\" \/><span class=\"wpcf7-list-item-label\">Termination due to Change of Profession, Retirement, or Permanent Cessation of Activity<\/span><\/label><\/span><span class=\"wpcf7-list-item last\"><label><input type=\"radio\" name=\"motif-pi\" value=\"Other Reasons for Termination\" \/><span class=\"wpcf7-list-item-label\">Other Reasons for Termination<\/span><\/label><\/span><\/span><\/span><\/label>\n\t\t\t\t\t<\/p>\n\t\t\t\t\t<div data-id=\"motivation-echeance\" data-orig_data_id=\"motivation-echeance\"  data-class=\"wpcf7cf_group\">\n\t\t\t\t\t\t<p><i>Upon validation of this form, coverage will cease on the next expiry date (as stated on your insurance certificate), provided that the 2-month notice period before expiry is duly observed.<\/i>\n\t\t\t\t\t\t<\/p>\n\t\t\t\t\t<\/div>\n\t\t\t\t\t<div data-id=\"motivation-augmentation\" data-orig_data_id=\"motivation-augmentation\"  data-class=\"wpcf7cf_group\">\n\t\t\t\t\t\t<p><i>The termination request must be notified to us within 30 days from the date of receipt of the expiry notice.<br \/>\nCoverage ceases on the effective date of termination.<\/i>\n\t\t\t\t\t\t<\/p>\n\t\t\t\t\t<\/div>\n\t\t\t\t\t<div data-id=\"motivation-profession\" data-orig_data_id=\"motivation-profession\"  data-class=\"wpcf7cf_group\">\n\t\t\t\t\t\t<p><i>The termination request must be notified to us within 3 months after the occurrence of this event by registered mail with acknowledgment of receipt.<br \/>\nThe termination takes effect one month after notification. We will refund any overpaid amounts. <\/i>\n\t\t\t\t\t\t<\/p>\n\t\t\t\t\t<\/div>\n\t\t\t\t\t<p><label> Termination Date (required)<br \/>\n<span class=\"wpcf7-form-control-wrap\" data-name=\"resiliation-pi\"><input class=\"wpcf7-form-control wpcf7-date wpcf7-validates-as-required wpcf7-validates-as-date\" min=\"2026-04-23\" aria-required=\"true\" aria-invalid=\"false\" placeholder=\"Termination Date\" value=\"\" type=\"date\" name=\"resiliation-pi\" \/><\/span><\/label>\n\t\t\t\t\t<\/p>\n\t\t\t\t<\/div>\n\t\t\t\t<p><label> Attachments<br \/>\n<span class=\"wpcf7-form-control-wrap\" data-name=\"documents\"><input size=\"40\" class=\"wpcf7-form-control wpcf7-multifile\" accept=\".png,.jpg,.jpeg,.pdf,.doc\" multiple=\"multiple\" aria-invalid=\"false\" type=\"file\" name=\"documents[]\" \/><\/span><\/label>\n\t\t\t\t<\/p>\n\t\t\t\t<p><label><span class=\"wpcf7-form-control-wrap\" data-name=\"gdpr\"><span class=\"wpcf7-form-control wpcf7-acceptance\"><span class=\"wpcf7-list-item\"><label><input type=\"checkbox\" name=\"gdpr\" value=\"1\" aria-invalid=\"false\" \/><span class=\"wpcf7-list-item-label\">By submitting this form, I agree that the information entered may be used in connection with this termination request. You can consult our <a style=\"color: #275598;\" href=\"https:\/\/www.digital-insure.fr\/mentions-legales-et-politique-de-confidentialite\/\" target=\"_blank\">personal data management policy here<\/a><\/span><\/label><\/span><\/span><\/span><\/label>\n\t\t\t\t<\/p>\n\t\t\t<\/div>\n\t\t<\/div>\n\t\t<div class=\"wpcf7cf_step\" data-title=\"Confirmation\" data-id=\"step-2\" >\n\t\t\t<div class=\"wpcf7cf_step_inner\">\n\t\t\t\t<div class=\"step-title\">\n\t\t\t\t\t<p>Confirmation\n\t\t\t\t\t<\/p>\n\t\t\t\t<\/div>\n\t\t\t\t<div class=\"wpcf7cf-summary\">\n\t\t\t\t\t<p>Summary\n\t\t\t\t\t<\/p>\n\t\t\t\t<\/div>\n\t\t\t\t<p><input class=\"wpcf7-form-control wpcf7-submit tb-btn tb-color4 tb-style3 has-spinner\" type=\"submit\" value=\"Send\" \/>\n\t\t\t\t<\/p>\n\t\t\t<\/div>\n\t\t<\/div>\n\t<\/div>\n\t<p class=\"wpcf7cf_step_controls\"><span class=\"wpcf7cf_prev-container\"><button type=\"button\" class=\"wpcf7cf_prev\">Edit<\/button><\/span><span class=\"wpcf7cf_next-container\"><button type=\"button\" class=\"wpcf7cf_next\">Confirmation<\/button><\/span>\n\t<\/p>\n<\/div><div class=\"wpcf7-response-output\" aria-hidden=\"true\"><\/div>\n<\/form>\n<\/div>\n      \n    <\/div>\n      \n  \t\t\t\t<\/div>\n\t\t\t\t<\/div>\n\t\t\t\t\t<\/div>\n\t\t<\/div>\n\t\t\t\t\t<\/div>\n\t\t<\/section>\n\t\t\t\t<div class=\"elementor-element elementor-element-643d98a2 elementor-widget elementor-widget-spacer\" data-id=\"643d98a2\" data-element_type=\"widget\" data-e-type=\"widget\" data-widget_type=\"spacer.default\">\n\t\t\t\t<div class=\"elementor-widget-container\">\n\t\t\t\t\t\t\t<div class=\"elementor-spacer\">\n\t\t\t<div class=\"elementor-spacer-inner\"><\/div>\n\t\t<\/div>\n\t\t\t\t\t\t<\/div>\n\t\t\t\t<\/div>\n\t\t\t\t\t<\/div>\n\t\t<\/div>\n\t\t\t\t\t<\/div>\n\t\t<\/section>\n\t\t\t\t<\/div>\n\t\t","protected":false},"excerpt":{"rendered":"<p>R\u00e9silier mon contrat en trois clics Je souhaite r\u00e9silier mon contrat La loi du 16 ao\u00fbt 2022 dite \u00ab Loi sur le pouvoir d\u2019achat \u00bb permet au consommateur de r\u00e9silier un contrat par \u00ab voie \u00e9lectronique \u00bb que ce soit un contrat de t\u00e9l\u00e9phonie, d\u2019internet ou d\u2019assurance. Chacune des rubriques du formulaire devra \u00eatre compl\u00e9t\u00e9e [&hellip;]<\/p>\n","protected":false},"author":16,"featured_media":0,"parent":0,"menu_order":0,"comment_status":"closed","ping_status":"closed","template":"","meta":{"footnotes":""},"class_list":["post-39093","page","type-page","status-publish","hentry"],"_links":{"self":[{"href":"https:\/\/www.digital-insure.fr\/en\/wp-json\/wp\/v2\/pages\/39093","targetHints":{"allow":["GET"]}}],"collection":[{"href":"https:\/\/www.digital-insure.fr\/en\/wp-json\/wp\/v2\/pages"}],"about":[{"href":"https:\/\/www.digital-insure.fr\/en\/wp-json\/wp\/v2\/types\/page"}],"author":[{"embeddable":true,"href":"https:\/\/www.digital-insure.fr\/en\/wp-json\/wp\/v2\/users\/16"}],"replies":[{"embeddable":true,"href":"https:\/\/www.digital-insure.fr\/en\/wp-json\/wp\/v2\/comments?post=39093"}],"version-history":[{"count":1,"href":"https:\/\/www.digital-insure.fr\/en\/wp-json\/wp\/v2\/pages\/39093\/revisions"}],"predecessor-version":[{"id":39095,"href":"https:\/\/www.digital-insure.fr\/en\/wp-json\/wp\/v2\/pages\/39093\/revisions\/39095"}],"wp:attachment":[{"href":"https:\/\/www.digital-insure.fr\/en\/wp-json\/wp\/v2\/media?parent=39093"}],"curies":[{"name":"wp","href":"https:\/\/api.w.org\/{rel}","templated":true}]}}