{"id":39060,"date":"2020-05-22T17:54:50","date_gmt":"2020-05-22T15:54:50","guid":{"rendered":"https:\/\/www.digital-insure.fr\/request-a-demo\/"},"modified":"2025-10-21T15:01:44","modified_gmt":"2025-10-21T13:01:44","slug":"request-a-demo","status":"publish","type":"page","link":"https:\/\/www.digital-insure.fr\/en\/request-a-demo\/","title":{"rendered":"REQUEST A DEMO"},"content":{"rendered":"\t\t<div data-elementor-type=\"wp-page\" data-elementor-id=\"39060\" class=\"elementor elementor-39060 elementor-5341\" data-elementor-post-type=\"page\">\n\t\t\t\t\t\t<section class=\"elementor-section elementor-top-section elementor-element elementor-element-744043b2 elementor-section-stretched elementor-section-content-middle elementor-section-boxed elementor-section-height-default elementor-section-height-default\" data-id=\"744043b2\" data-element_type=\"section\" data-e-type=\"section\" data-settings=\"{&quot;stretch_section&quot;:&quot;section-stretched&quot;,&quot;background_background&quot;:&quot;classic&quot;}\">\n\t\t\t\t\t\t\t<div class=\"elementor-background-overlay\"><\/div>\n\t\t\t\t\t\t\t<div class=\"elementor-container elementor-column-gap-default\">\n\t\t\t\t\t<div class=\"elementor-column elementor-col-100 elementor-top-column elementor-element elementor-element-3a7de3\" data-id=\"3a7de3\" data-element_type=\"column\" data-e-type=\"column\">\n\t\t\t<div class=\"elementor-widget-wrap elementor-element-populated\">\n\t\t\t\t\t\t<div class=\"elementor-element elementor-element-77d728cd elementor-widget elementor-widget-spacer\" data-id=\"77d728cd\" data-element_type=\"widget\" data-e-type=\"widget\" data-widget_type=\"spacer.default\">\n\t\t\t\t<div class=\"elementor-widget-container\">\n\t\t\t\t\t\t\t<div class=\"elementor-spacer\">\n\t\t\t<div class=\"elementor-spacer-inner\"><\/div>\n\t\t<\/div>\n\t\t\t\t\t\t<\/div>\n\t\t\t\t<\/div>\n\t\t\t\t<div class=\"elementor-element elementor-element-43f9163 elementor-widget elementor-widget-spacer\" data-id=\"43f9163\" data-element_type=\"widget\" data-e-type=\"widget\" data-widget_type=\"spacer.default\">\n\t\t\t\t<div class=\"elementor-widget-container\">\n\t\t\t\t\t\t\t<div class=\"elementor-spacer\">\n\t\t\t<div class=\"elementor-spacer-inner\"><\/div>\n\t\t<\/div>\n\t\t\t\t\t\t<\/div>\n\t\t\t\t<\/div>\n\t\t\t\t<section class=\"elementor-section elementor-inner-section elementor-element elementor-element-847363a elementor-section-boxed elementor-section-height-default elementor-section-height-default\" data-id=\"847363a\" data-element_type=\"section\" data-e-type=\"section\">\n\t\t\t\t\t\t<div class=\"elementor-container elementor-column-gap-default\">\n\t\t\t\t\t<div class=\"elementor-column elementor-col-50 elementor-inner-column elementor-element elementor-element-6374d7c\" data-id=\"6374d7c\" data-element_type=\"column\" data-e-type=\"column\">\n\t\t\t<div class=\"elementor-widget-wrap elementor-element-populated\">\n\t\t\t\t\t\t<div class=\"elementor-element elementor-element-0e6c6fa elementor-widget elementor-widget-webify-section-heading-widget\" data-id=\"0e6c6fa\" data-element_type=\"widget\" data-e-type=\"widget\" data-widget_type=\"webify-section-heading-widget.default\">\n\t\t\t\t<div class=\"elementor-widget-container\">\n\t\t\t\t\t        <div class=\"tb-section-heading tb-style2\">\n                      <div none=\"\" class=\"tb-f11-lg tb-mt-4 tb-small-heading tb-mb-5 tb-line1-6 tb-spacing2 tb-grayb5b5b5-c text-uppercase\" class=\"tb-f11-lg tb-mt-4 tb-small-heading tb-mb-5 tb-line1-6 tb-spacing2 tb-grayb5b5b5-c text-uppercase\">Demander une d\u00e9monstration personnalis\u00e9e<\/div>\n            <div class=\"empty-space marg-lg-b20\"><\/div>\n                                <h1 class=\"tb-f32-lg tb-f28-sm tb-big-heading tb-font-name tb-mt-6 tb-mb-9 tb-mt-4-sm tb-mb-7-sm\" class=\"tb-f32-lg tb-f28-sm tb-big-heading tb-font-name tb-mt-6 tb-mb-9 tb-mt-4-sm tb-mb-7-sm\">D\u00e9couvrez par vous-m\u00eame la plateforme 100% digitale de Digital Insure <\/h1>\n                  <\/div>\n        \t\t\t\t<\/div>\n\t\t\t\t<\/div>\n\t\t\t\t<div class=\"elementor-element elementor-element-dedf3e1 elementor-widget elementor-widget-webify-section-heading-widget\" data-id=\"dedf3e1\" data-element_type=\"widget\" data-e-type=\"widget\" data-widget_type=\"webify-section-heading-widget.default\">\n\t\t\t\t<div class=\"elementor-widget-container\">\n\t\t\t\t\t        <div class=\"tb-section-heading\">\n          <h2 class=\"tb-f32-lg tb-f28-sm tb-big-heading tb-font-name tb-mt-5 tb-mb-8 tb-mb-6-sm\" class=\"tb-f32-lg tb-f28-sm tb-big-heading tb-font-name tb-mt-5 tb-mb-8 tb-mb-6-sm\">Totalement flexible, personnalisable \u00e0 vos couleurs. Inscrivez vous pour b\u00e9n\u00e9ficier d'une d\u00e9monstration personnalis\u00e9e, et d\u00e9couvrez comment la plateforme peut :\u00a0<\/h2>\n        <\/div>\n      \n      \t\t\t\t<\/div>\n\t\t\t\t<\/div>\n\t\t\t\t<div class=\"elementor-element elementor-element-a53b1e4 elementor-icon-list--layout-traditional elementor-list-item-link-full_width elementor-widget elementor-widget-icon-list\" data-id=\"a53b1e4\" data-element_type=\"widget\" data-e-type=\"widget\" data-widget_type=\"icon-list.default\">\n\t\t\t\t<div class=\"elementor-widget-container\">\n\t\t\t\t\t\t\t<ul class=\"elementor-icon-list-items\">\n\t\t\t\t\t\t\t<li class=\"elementor-icon-list-item\">\n\t\t\t\t\t\t\t\t\t\t\t<span class=\"elementor-icon-list-icon\">\n\t\t\t\t\t\t\t<i aria-hidden=\"true\" class=\"fas fa-dot-circle\"><\/i>\t\t\t\t\t\t<\/span>\n\t\t\t\t\t\t\t\t\t\t<span class=\"elementor-icon-list-text\">Streamline your procedures and contract management for Borrower Insurance and Individual Provident Insurance<\/span>\n\t\t\t\t\t\t\t\t\t<\/li>\n\t\t\t\t\t\t\t\t<li class=\"elementor-icon-list-item\">\n\t\t\t\t\t\t\t\t\t\t\t<span class=\"elementor-icon-list-icon\">\n\t\t\t\t\t\t\t<i aria-hidden=\"true\" class=\"fas fa-dot-circle\"><\/i>\t\t\t\t\t\t<\/span>\n\t\t\t\t\t\t\t\t\t\t<span class=\"elementor-icon-list-text\">Manage your activity in real-time, with its fully digital process, automated throughout the life of the contracts.<\/span>\n\t\t\t\t\t\t\t\t\t<\/li>\n\t\t\t\t\t\t\t\t<li class=\"elementor-icon-list-item\">\n\t\t\t\t\t\t\t\t\t\t\t<span class=\"elementor-icon-list-icon\">\n\t\t\t\t\t\t\t<i aria-hidden=\"true\" class=\"fas fa-dot-circle\"><\/i>\t\t\t\t\t\t<\/span>\n\t\t\t\t\t\t\t\t\t\t<span class=\"elementor-icon-list-text\">While ensuring robust security for sensitive processes.<\/span>\n\t\t\t\t\t\t\t\t\t<\/li>\n\t\t\t\t\t\t<\/ul>\n\t\t\t\t\t\t<\/div>\n\t\t\t\t<\/div>\n\t\t\t\t\t<\/div>\n\t\t<\/div>\n\t\t\t\t<div class=\"elementor-column elementor-col-50 elementor-inner-column elementor-element elementor-element-3885a1b\" data-id=\"3885a1b\" data-element_type=\"column\" data-e-type=\"column\" data-settings=\"{&quot;background_background&quot;:&quot;classic&quot;}\">\n\t\t\t<div class=\"elementor-widget-wrap elementor-element-populated\">\n\t\t\t\t\t\t<div class=\"elementor-element elementor-element-7e4e09ea elementor-widget elementor-widget-webify-contact-form-7-widget\" data-id=\"7e4e09ea\" data-element_type=\"widget\" data-e-type=\"widget\" data-widget_type=\"webify-contact-form-7-widget.default\">\n\t\t\t\t<div class=\"elementor-widget-container\">\n\t\t\t\t\t\n    <div class=\"tb-contact-form-wrapper\">\n\n    \n<div class=\"wpcf7 no-js\" id=\"wpcf7-f39275-o1\" lang=\"en-US\" dir=\"ltr\" data-wpcf7-id=\"39275\">\n<div class=\"screen-reader-response\"><p role=\"status\" aria-live=\"polite\" aria-atomic=\"true\"><\/p> <ul><\/ul><\/div>\n<form action=\"\/en\/wp-json\/wp\/v2\/pages\/39060#wpcf7-f39275-o1\" method=\"post\" class=\"wpcf7-form init\" aria-label=\"Contact form\" novalidate=\"novalidate\" data-status=\"init\">\n<fieldset class=\"hidden-fields-container\"><input type=\"hidden\" name=\"_wpcf7\" value=\"39275\" \/><input type=\"hidden\" name=\"_wpcf7_version\" value=\"6.1.5\" \/><input type=\"hidden\" name=\"_wpcf7_locale\" value=\"en_US\" \/><input type=\"hidden\" name=\"_wpcf7_unit_tag\" value=\"wpcf7-f39275-o1\" \/><input type=\"hidden\" name=\"_wpcf7_container_post\" value=\"0\" \/><input type=\"hidden\" name=\"_wpcf7_posted_data_hash\" value=\"\" \/><input type=\"hidden\" name=\"_wpcf7cf_hidden_group_fields\" value=\"[]\" \/><input type=\"hidden\" name=\"_wpcf7cf_hidden_groups\" value=\"[]\" \/><input type=\"hidden\" name=\"_wpcf7cf_visible_groups\" value=\"[]\" \/><input type=\"hidden\" name=\"_wpcf7cf_repeaters\" value=\"[]\" \/><input type=\"hidden\" name=\"_wpcf7cf_steps\" value=\"{}\" \/><input type=\"hidden\" name=\"_wpcf7cf_options\" value=\"{&quot;form_id&quot;:39275,&quot;conditions&quot;:[],&quot;settings&quot;:{&quot;animation&quot;:&quot;yes&quot;,&quot;animation_intime&quot;:200,&quot;animation_outtime&quot;:200,&quot;conditions_ui&quot;:&quot;normal&quot;,&quot;notice_dismissed&quot;:false,&quot;regex_numeric&quot;:&quot;^[0-9]+$&quot;,&quot;regex_alphabetic&quot;:&quot;^[a-zA-Z]+$&quot;,&quot;regex_alphanumeric&quot;:&quot;^[a-zA-Z0-9]+$&quot;,&quot;regex_date&quot;:&quot;^(0?[1-9]|1[012])[- .](0?[1-9]|[12][0-9]|3[01])[- \\\/.](19|20)?[0-9]{2}$&quot;,&quot;regex_email&quot;:&quot;^[a-zA-Z0-9._%-]+@[a-zA-Z0-9.-]+.[a-zA-Z]{2,4}$&quot;,&quot;regex_numeric_label&quot;:&quot;numeric&quot;,&quot;regex_alphabetic_label&quot;:&quot;alphabetic&quot;,&quot;regex_alphanumeric_label&quot;:&quot;alphanumeric&quot;,&quot;regex_date_label&quot;:&quot;date&quot;,&quot;regex_email_label&quot;:&quot;email&quot;,&quot;regex_custom_1&quot;:&quot;&quot;,&quot;regex_custom_2&quot;:&quot;&quot;,&quot;regex_custom_3&quot;:&quot;&quot;,&quot;regex_custom_4&quot;:&quot;&quot;,&quot;regex_custom_5&quot;:&quot;&quot;,&quot;regex_custom_1_label&quot;:&quot;custom 1&quot;,&quot;regex_custom_2_label&quot;:&quot;custom 2&quot;,&quot;regex_custom_3_label&quot;:&quot;custom 3&quot;,&quot;regex_custom_4_label&quot;:&quot;custom 4&quot;,&quot;regex_custom_5_label&quot;:&quot;custom 5&quot;,&quot;notice_dismissed_rollback-cf7-5.7.6&quot;:true}}\" \/>\n<\/fieldset>\n<p><label> You are* <\/label><br \/>\n<span class=\"wpcf7-form-control-wrap\" data-name=\"radio-20\"><span class=\"wpcf7-form-control wpcf7-radio\"><span class=\"wpcf7-list-item first\"><label><input type=\"radio\" name=\"radio-20\" value=\"An insurance intermediary, broker\" checked=\"checked\" \/><span class=\"wpcf7-list-item-label\">An insurance intermediary, broker<\/span><\/label><\/span><span class=\"wpcf7-list-item\"><label><input type=\"radio\" name=\"radio-20\" value=\"An institutional client: Insurer, Mutual, Bank, Advisor\" \/><span class=\"wpcf7-list-item-label\">An institutional client: Insurer, Mutual, Bank, Advisor<\/span><\/label><\/span><span class=\"wpcf7-list-item\"><label><input type=\"radio\" name=\"radio-20\" value=\"A Wealth Manager (CGP), Family Office, Investor, Large Brokerage\" \/><span class=\"wpcf7-list-item-label\">A Wealth Manager (CGP), Family Office, Investor, Large Brokerage<\/span><\/label><\/span><span class=\"wpcf7-list-item last\"><label><input type=\"radio\" name=\"radio-20\" value=\"Other\" \/><span class=\"wpcf7-list-item-label\">Other<\/span><\/label><\/span><\/span><\/span><br \/>\n<br \/>\n<label> Your subject* <\/label><br \/>\n<span class=\"wpcf7-form-control-wrap\" data-name=\"radio-546\"><span class=\"wpcf7-form-control wpcf7-radio\"><span class=\"wpcf7-list-item first\"><label><input type=\"radio\" name=\"radio-546\" value=\"Become a partner\" checked=\"checked\" \/><span class=\"wpcf7-list-item-label\">Become a partner<\/span><\/label><\/span><span class=\"wpcf7-list-item\"><label><input type=\"radio\" name=\"radio-546\" value=\"Request a platform demo\" \/><span class=\"wpcf7-list-item-label\">Request a platform demo<\/span><\/label><\/span><span class=\"wpcf7-list-item last\"><label><input type=\"radio\" name=\"radio-546\" value=\"Other\" \/><span class=\"wpcf7-list-item-label\">Other<\/span><\/label><\/span><\/span><\/span>\n<\/p>\n<p><span class=\"wpcf7-form-control-wrap\" data-name=\"radio-68\"><span class=\"wpcf7-form-control wpcf7-radio\"><span class=\"wpcf7-list-item first\"><label><input type=\"radio\" name=\"radio-68\" value=\"Mr.\" checked=\"checked\" \/><span class=\"wpcf7-list-item-label\">Mr.<\/span><\/label><\/span><span class=\"wpcf7-list-item last\"><label><input type=\"radio\" name=\"radio-68\" value=\"Ms.\" \/><span class=\"wpcf7-list-item-label\">Ms.<\/span><\/label><\/span><\/span><\/span><br \/>\n<br \/>\n<label> Your first name*<br \/>\n<span class=\"wpcf7-form-control-wrap\" data-name=\"votre-prenom\"><input size=\"40\" maxlength=\"400\" class=\"wpcf7-form-control wpcf7-text wpcf7-validates-as-required\" id=\"3681\" aria-required=\"true\" aria-invalid=\"false\" placeholder=\"First Name*\" value=\"\" type=\"text\" name=\"votre-prenom\" \/><\/span><\/label>\n<\/p>\n<p><label> Your last name*<br \/>\n<span class=\"wpcf7-form-control-wrap\" data-name=\"votre-nom\"><input size=\"40\" maxlength=\"400\" class=\"wpcf7-form-control wpcf7-text wpcf7-validates-as-required\" aria-required=\"true\" aria-invalid=\"false\" placeholder=\"Last Name*\" value=\"\" type=\"text\" name=\"votre-nom\" \/><\/span><\/label>\n<\/p>\n<p><label> Company Name*<br \/>\n<span class=\"wpcf7-form-control-wrap\" data-name=\"raison-sociale\"><input size=\"40\" maxlength=\"400\" class=\"wpcf7-form-control wpcf7-text wpcf7-validates-as-required\" aria-required=\"true\" aria-invalid=\"false\" placeholder=\"Company Name*\" value=\"\" type=\"text\" name=\"raison-sociale\" \/><\/span><\/label>\n<\/p>\n<p><label> Orias Number<br \/>\n<span class=\"wpcf7-form-control-wrap\" data-name=\"numero-orias\"><input size=\"40\" maxlength=\"400\" class=\"wpcf7-form-control wpcf7-text\" aria-invalid=\"false\" placeholder=\"Orias Number\" value=\"\" type=\"text\" name=\"numero-orias\" \/><\/span><\/label>\n<\/p>\n<p><label> Email*<br \/>\n<span class=\"wpcf7-form-control-wrap\" data-name=\"votre-email\"><input size=\"40\" maxlength=\"400\" class=\"wpcf7-form-control wpcf7-email wpcf7-validates-as-required wpcf7-text wpcf7-validates-as-email\" aria-required=\"true\" aria-invalid=\"false\" placeholder=\"Your email*\" value=\"\" type=\"email\" name=\"votre-email\" \/><\/span><\/label>\n<\/p>\n<p><label> Phone number*<br \/>\n<span class=\"wpcf7-form-control-wrap\" data-name=\"numero-de-telephone\"><input size=\"40\" maxlength=\"400\" class=\"wpcf7-form-control wpcf7-tel wpcf7-validates-as-required wpcf7-text wpcf7-validates-as-tel\" aria-required=\"true\" aria-invalid=\"false\" placeholder=\"Phone*\" value=\"\" type=\"tel\" name=\"numero-de-telephone\" \/><\/span><\/label>\n<\/p>\n<p><label> Postal Code*<br \/>\n<span class=\"wpcf7-form-control-wrap\" data-name=\"code-postal\"><input size=\"40\" maxlength=\"400\" class=\"wpcf7-form-control wpcf7-text wpcf7-validates-as-required\" aria-required=\"true\" aria-invalid=\"false\" placeholder=\"Postal Code*\" value=\"\" type=\"text\" name=\"code-postal\" \/><\/span><\/label>\n<\/p>\n<p><label> City*<br \/>\n<span class=\"wpcf7-form-control-wrap\" data-name=\"ville\"><input size=\"40\" maxlength=\"400\" class=\"wpcf7-form-control wpcf7-text wpcf7-validates-as-required\" aria-required=\"true\" aria-invalid=\"false\" placeholder=\"City*\" value=\"\" type=\"text\" name=\"ville\" \/><\/span><\/label>\n<\/p>\n<p><label> Your message (required)<br \/>\n<span class=\"wpcf7-form-control-wrap\" data-name=\"votre-message\"><textarea cols=\"40\" rows=\"10\" maxlength=\"2000\" class=\"wpcf7-form-control wpcf7-textarea wpcf7-validates-as-required\" aria-required=\"true\" aria-invalid=\"false\" placeholder=\"Your message*\" name=\"votre-message\"><\/textarea><\/span><\/label>\n<\/p>\n<p><span class=\"wpcf7-form-control-wrap\" data-name=\"checkbox-810\"><span class=\"wpcf7-form-control wpcf7-checkbox wpcf7-validates-as-required\"><span class=\"wpcf7-list-item first last\"><label><input type=\"checkbox\" name=\"checkbox-810[]\" value=\"By submitting this form, I accept that the information entered may be used for the purpose of this contact request and any resulting commercial relationship. See our privacy policy for more information.\" \/><span class=\"wpcf7-list-item-label\">By submitting this form, I accept that the information entered may be used for the purpose of this contact request and any resulting commercial relationship. See our privacy policy for more information.<\/span><\/label><\/span><\/span><\/span>\n<\/p>\n<p><a href=\"https:\/\/www.digital-insure.fr\/mentions-legales-et-politique-de-confidentialite\/\">Privacy Policy<\/a>\n<\/p>\n<p>* Required fields\n<\/p>\n<p><input class=\"wpcf7-form-control wpcf7-submit tb-btn tb-color4 tb-style3 has-spinner\" type=\"submit\" value=\"Send\" \/>\n<\/p><div class=\"wpcf7-response-output\" aria-hidden=\"true\"><\/div>\n<\/form>\n<\/div>\n      \n    <\/div>\n      \n  \t\t\t\t<\/div>\n\t\t\t\t<\/div>\n\t\t\t\t\t<\/div>\n\t\t<\/div>\n\t\t\t\t\t<\/div>\n\t\t<\/section>\n\t\t\t\t<div class=\"elementor-element elementor-element-6770a541 elementor-widget elementor-widget-spacer\" data-id=\"6770a541\" data-element_type=\"widget\" data-e-type=\"widget\" data-widget_type=\"spacer.default\">\n\t\t\t\t<div class=\"elementor-widget-container\">\n\t\t\t\t\t\t\t<div class=\"elementor-spacer\">\n\t\t\t<div class=\"elementor-spacer-inner\"><\/div>\n\t\t<\/div>\n\t\t\t\t\t\t<\/div>\n\t\t\t\t<\/div>\n\t\t\t\t\t<\/div>\n\t\t<\/div>\n\t\t\t\t\t<\/div>\n\t\t<\/section>\n\t\t\t\t<\/div>\n\t\t","protected":false},"excerpt":{"rendered":"<p>Demander une d\u00e9monstration personnalis\u00e9e D\u00e9couvrez par vous-m\u00eame la plateforme 100% digitale de Digital Insure Totalement flexible, personnalisable \u00e0 vos couleurs. Inscrivez vous pour b\u00e9n\u00e9ficier d&#8217;une d\u00e9monstration personnalis\u00e9e, et d\u00e9couvrez comment la plateforme peut :\u00a0 Streamline your procedures and contract management for Borrower Insurance and Individual Provident Insurance Manage your activity in real-time, with its fully [&hellip;]<\/p>\n","protected":false},"author":11,"featured_media":0,"parent":0,"menu_order":0,"comment_status":"closed","ping_status":"closed","template":"","meta":{"footnotes":""},"class_list":["post-39060","page","type-page","status-publish","hentry"],"_links":{"self":[{"href":"https:\/\/www.digital-insure.fr\/en\/wp-json\/wp\/v2\/pages\/39060","targetHints":{"allow":["GET"]}}],"collection":[{"href":"https:\/\/www.digital-insure.fr\/en\/wp-json\/wp\/v2\/pages"}],"about":[{"href":"https:\/\/www.digital-insure.fr\/en\/wp-json\/wp\/v2\/types\/page"}],"author":[{"embeddable":true,"href":"https:\/\/www.digital-insure.fr\/en\/wp-json\/wp\/v2\/users\/11"}],"replies":[{"embeddable":true,"href":"https:\/\/www.digital-insure.fr\/en\/wp-json\/wp\/v2\/comments?post=39060"}],"version-history":[{"count":5,"href":"https:\/\/www.digital-insure.fr\/en\/wp-json\/wp\/v2\/pages\/39060\/revisions"}],"predecessor-version":[{"id":39082,"href":"https:\/\/www.digital-insure.fr\/en\/wp-json\/wp\/v2\/pages\/39060\/revisions\/39082"}],"wp:attachment":[{"href":"https:\/\/www.digital-insure.fr\/en\/wp-json\/wp\/v2\/media?parent=39060"}],"curies":[{"name":"wp","href":"https:\/\/api.w.org\/{rel}","templated":true}]}}